{"id":115,"date":"2020-03-13T15:28:00","date_gmt":"2020-03-13T18:28:00","guid":{"rendered":"https:\/\/demo.creativethemes.com\/blocksy\/modern-shop\/?page_id=115"},"modified":"2024-05-08T19:06:26","modified_gmt":"2024-05-08T22:06:26","slug":"sobre-nos","status":"publish","type":"page","link":"https:\/\/silviomello.com.br\/index.php\/sobre-nos\/","title":{"rendered":"Sobre n\u00f3s"},"content":{"rendered":"\t\t<div data-elementor-type=\"wp-page\" data-elementor-id=\"115\" class=\"elementor elementor-115\">\n\t\t\t\t\t\t<section class=\"elementor-section elementor-top-section elementor-element elementor-element-0466ea5 ct-section-stretched elementor-section-boxed elementor-section-height-default elementor-section-height-default\" data-id=\"0466ea5\" data-element_type=\"section\" data-e-type=\"section\" data-settings=\"{&quot;background_background&quot;:&quot;classic&quot;}\">\n\t\t\t\t\t\t<div class=\"elementor-container elementor-column-gap-default\">\n\t\t\t\t\t<div class=\"elementor-column elementor-col-100 elementor-top-column elementor-element elementor-element-c0fc7c2\" data-id=\"c0fc7c2\" data-element_type=\"column\" data-e-type=\"column\">\n\t\t\t<div class=\"elementor-widget-wrap elementor-element-populated\">\n\t\t\t\t\t\t<div class=\"elementor-element elementor-element-0aaa3b9 elementor-widget elementor-widget-heading\" data-id=\"0aaa3b9\" data-element_type=\"widget\" data-e-type=\"widget\" data-widget_type=\"heading.default\">\n\t\t\t\t<div class=\"elementor-widget-container\">\n\t\t\t\t\t<h1 class=\"elementor-heading-title elementor-size-default\">O Artista<\/h1>\t\t\t\t<\/div>\n\t\t\t\t<\/div>\n\t\t\t\t<div class=\"elementor-element elementor-element-0762a77 elementor-widget__width-initial elementor-widget elementor-widget-image\" data-id=\"0762a77\" data-element_type=\"widget\" data-e-type=\"widget\" data-widget_type=\"image.default\">\n\t\t\t\t<div class=\"elementor-widget-container\">\n\t\t\t\t\t\t\t\t\t\t\t\t\t\t\t<img fetchpriority=\"high\" decoding=\"async\" width=\"880\" height=\"1024\" src=\"https:\/\/silviomello.com.br\/wp-content\/uploads\/2023\/04\/passa-quatro20220114_200934_3-880x1024.jpg\" class=\"attachment-large size-large wp-image-528\" alt=\"\" srcset=\"https:\/\/silviomello.com.br\/wp-content\/uploads\/2023\/04\/passa-quatro20220114_200934_3-880x1024.jpg 880w, https:\/\/silviomello.com.br\/wp-content\/uploads\/2023\/04\/passa-quatro20220114_200934_3-300x349.jpg 300w, https:\/\/silviomello.com.br\/wp-content\/uploads\/2023\/04\/passa-quatro20220114_200934_3-600x698.jpg 600w, https:\/\/silviomello.com.br\/wp-content\/uploads\/2023\/04\/passa-quatro20220114_200934_3-258x300.jpg 258w, https:\/\/silviomello.com.br\/wp-content\/uploads\/2023\/04\/passa-quatro20220114_200934_3-768x893.jpg 768w, https:\/\/silviomello.com.br\/wp-content\/uploads\/2023\/04\/passa-quatro20220114_200934_3.jpg 1152w\" sizes=\"(max-width: 880px) 100vw, 880px\" \/>\t\t\t\t\t\t\t\t\t\t\t\t\t\t\t<\/div>\n\t\t\t\t<\/div>\n\t\t\t\t<div class=\"elementor-element elementor-element-1e0edda elementor-widget elementor-widget-text-editor\" data-id=\"1e0edda\" data-element_type=\"widget\" data-e-type=\"widget\" data-widget_type=\"text-editor.default\">\n\t\t\t\t<div class=\"elementor-widget-container\">\n\t\t\t\t\t\t\t\t\t<p><span style=\"color: #ffffff;\">Ol\u00e1, eu sou Silvio Melo.<\/span><br \/><span style=\"color: #ffffff;\">Artista Pl\u00e1stico.<\/span><br \/><span style=\"color: #ffffff;\">Por op\u00e7\u00e3o, conduzo meu trabalho em dire\u00e7\u00e3o da representa\u00e7\u00e3o art\u00edstica do rosto humano.<\/span><br \/><span style=\"color: #ffffff;\">Iniciei meu percurso pela arte na adolesc\u00eancia (11 anos), j\u00e1 naquela \u00e9poca, foi poss\u00edvel trabalhar profissionalmente com arte.<\/span><br \/><span style=\"color: #ffffff;\">Produzindo pequenos quadros, vendidos nas feiras, depois camisetas feitas \u00e0 m\u00e3o, um pouco mais tarde com Pintura em Madeira e \u00d3leo sobre tela, passando pela Tatuagem, ent\u00e3o, entrei com minha arte no Mundo Corporativo, pois naquele per\u00edodo (1987) todos os trabalhos publicit\u00e1rios ainda eram feitos a m\u00e3o livre, permanecendo assim at\u00e9 os 22 anos.<\/span><br \/><span style=\"color: #ffffff;\">Depois per\u00edodo por motivos que n\u00e3o vem ao caso, deixei de trabalhar profissionalmente com a Arte, mantendo a produ\u00e7\u00e3o apenas como Hobby ou para amigos pr\u00f3ximos.<\/span><br \/><span style=\"color: #ffffff;\">Em 2017, com ent\u00e3o 48 anos, resolvi deixar as outras atividades de lado e voltar a me dedicar novamente a Arte, agora sem atividades paralelas.<\/span><br \/><span style=\"color: #ffffff;\">Iniciou-se ent\u00e3o um novo per\u00edodo, neste momento, devido ao caminho que j\u00e1 vinha seguindo como hobby, resolvi me dedicar e pintura de rostos, e experimentar t\u00e9cnicas e mat\u00e9rias, dos mais diversos poss\u00edveis, para que assim obra pudesse ser \u00fanica, como s\u00e3o os rostos, \u00danicos.<\/span><br \/><span style=\"color: #ffffff;\">Esta decis\u00e3o, d\u00e1-se pelo fato, de que, al\u00e9m das t\u00e9cnicas diversas que podem ser usadas, eles proporcionam uma possibilidade infinita de obras, uma vez que n\u00e3o existe rostos iguais, al\u00e9m do fato que, cada pessoa, tem seu gosto pessoal por cores, tamanhos, etc., fazendo com que este misto entre diferentes fisionomias e preferencias, possibilitem a produ\u00e7\u00e3o de uma inumer\u00e1vel quantidade de obras, com o prazer da n\u00e3o repeti\u00e7\u00e3o, e com o compromisso de fidelidade a obra, pois apesar das cores e t\u00e9cnicas, o primordial \u00e9 que a pessoa se reconhe\u00e7a na obra.<\/span><br \/><span style=\"color: #ffffff;\">Ent\u00e3o em abril de 2022, resolvi, conectar o realismo com o abstrato, as formas geom\u00e9tricas, elementos sobrepostos, m\u00faltiplas molduras, ent\u00e3o comecei a desenvolver a t\u00e9cnica que que estou usando\u00a0<\/span><span style=\"color: #ffffff; font-size: inherit; text-align: inherit; background-color: inherit; font-family: var(--fontFamily); font-style: var(--fontStyle, inherit); font-weight: var(--fontWeight); letter-spacing: var(--letterSpacing); text-transform: var(--textTransform);\">agora.<\/span><\/p><p><span style=\"color: #ffffff;\">Grande Parte de meu trabalho \u00e9 feito sobre demanda, retratando as pessoas que assim desejam, ao vivo ou por fotos, recuperando em tela fotos antigas, unindo pessoas que est\u00e3o separadas ou que viveram em tempos diferentes, em uma obra \u00fanica.<\/span><br \/><span style=\"color: #ffffff;\">Recentemente iniciei um novo projeto, estive por um ano viajando pelo Brasil, retratando as pessoas nos mais variados lugares.<\/span><br \/><span style=\"color: #ffffff;\">A possibilidade de poder retratar as pessoas ao vivo e ver suas rea\u00e7\u00f5es pessoalmente, abre um leque imenso de cria\u00e7\u00e3o e de entendimento da Arte a que me dedico.<\/span><br \/><span style=\"color: #ffffff;\">Estaremos de volta as estradas e as pessoas muito em breve, pois mostrou-se muito gratificante.<\/span><\/p>\t\t\t\t\t\t\t\t<\/div>\n\t\t\t\t<\/div>\n\t\t\t\t<div class=\"elementor-element elementor-element-297623e elementor-widget elementor-widget-heading\" data-id=\"297623e\" data-element_type=\"widget\" data-e-type=\"widget\" data-widget_type=\"heading.default\">\n\t\t\t\t<div class=\"elementor-widget-container\">\n\t\t\t\t\t<h1 class=\"elementor-heading-title elementor-size-default\">O Atelier e Galeria<\/h1>\t\t\t\t<\/div>\n\t\t\t\t<\/div>\n\t\t\t\t<div class=\"elementor-element elementor-element-6ef73f7 elementor-widget elementor-widget-image\" data-id=\"6ef73f7\" data-element_type=\"widget\" data-e-type=\"widget\" data-widget_type=\"image.default\">\n\t\t\t\t<div class=\"elementor-widget-container\">\n\t\t\t\t\t\t\t\t\t\t\t\t\t\t\t<img decoding=\"async\" width=\"1024\" height=\"576\" src=\"https:\/\/silviomello.com.br\/wp-content\/uploads\/2023\/05\/20160703_104417-1024x576.jpg\" class=\"attachment-large size-large wp-image-750\" alt=\"\" srcset=\"https:\/\/silviomello.com.br\/wp-content\/uploads\/2023\/05\/20160703_104417-1024x576.jpg 1024w, https:\/\/silviomello.com.br\/wp-content\/uploads\/2023\/05\/20160703_104417-300x169.jpg 300w, https:\/\/silviomello.com.br\/wp-content\/uploads\/2023\/05\/20160703_104417-scaled-600x338.jpg 600w, https:\/\/silviomello.com.br\/wp-content\/uploads\/2023\/05\/20160703_104417-768x432.jpg 768w, https:\/\/silviomello.com.br\/wp-content\/uploads\/2023\/05\/20160703_104417-1536x864.jpg 1536w, https:\/\/silviomello.com.br\/wp-content\/uploads\/2023\/05\/20160703_104417-2048x1152.jpg 2048w\" sizes=\"(max-width: 1024px) 100vw, 1024px\" \/>\t\t\t\t\t\t\t\t\t\t\t\t\t\t\t<\/div>\n\t\t\t\t<\/div>\n\t\t\t\t<div class=\"elementor-element elementor-element-771934a elementor-widget elementor-widget-text-editor\" data-id=\"771934a\" data-element_type=\"widget\" data-e-type=\"widget\" data-widget_type=\"text-editor.default\">\n\t\t\t\t<div class=\"elementor-widget-container\">\n\t\t\t\t\t\t\t\t\t<p><span style=\"color: #ffffff;\">Este \u00e9 meu Atelier e Galeria, se desejar conhecer e visitar, me envie sua mensagem, ficarei feliz em recebe-lo.<\/span><\/p>\t\t\t\t\t\t\t\t<\/div>\n\t\t\t\t<\/div>\n\t\t\t\t\t<\/div>\n\t\t<\/div>\n\t\t\t\t\t<\/div>\n\t\t<\/section>\n\t\t\t\t<\/div>\n\t\t","protected":false},"excerpt":{"rendered":"<p>Massa sed elementum tempus egestas sed sed risus. Risus at ultrices mi tempus imperdiet nulla malesuada pellentesque elit.<\/p>\n","protected":false},"author":1,"featured_media":0,"parent":0,"menu_order":0,"comment_status":"closed","ping_status":"closed","template":"","meta":{"om_disable_all_campaigns":false,"_monsterinsights_skip_tracking":false,"_monsterinsights_sitenote_active":false,"_monsterinsights_sitenote_note":"","_monsterinsights_sitenote_category":0,"_joinchat":[],"footnotes":""},"class_list":["post-115","page","type-page","status-publish","hentry"],"blocksy_meta":{"page_title_panel":"","has_hero_section":"disabled","6774d2922b2e043009dd0369630c6648":"","hero_section":"type-2","hero_alignment1":"left","hero_alignment2":"center","hero_height":{"0":"500px","1":"500px","2":"500px","3":"500px","4":"500px","desktop":"600px","tablet":"500px","mobile":"400px","__changed":["tablet","tablet","mobile","mobile"]},"page_title_bg_type":"custom_image","custom_hero_background":{"attachment_id":228,"url":"https:\/\/demo.creativethemes.com\/elementor\/modern-shop\/wp-content\/uploads\/2020\/03\/ashley-knedler-Pf5Pj7A5ddA-unsplash-1024x422.jpg"},"parallax":{"desktop":true,"tablet":false,"mobile":false},"6b74a569d6954c8dde2fe0e3330a3d07":"","single_meta_elements":{"author":false,"date":false,"categories":false,"comments":false,"updated":false,"tags":false},"has_meta_label":"yes","has_meta_avatar":"yes","date_format_source":"custom","single_meta_date_format":"M j, Y","b97b3b35a921898a5a649956dd3ef2c9":"","page_excerpt_visibility":{"desktop":true,"tablet":true,"mobile":true},"pageTitleFont":{"family":"Default","variation":"n9","size":{"desktop":"55px","tablet":"40px","mobile":"30px","__changed":["tablet","tablet","mobile","mobile","mobile"]},"line-height":"1.3","letter-spacing":"CT_CSS_SKIP_RULE","text-transform":"CT_CSS_SKIP_RULE","text-decoration":"CT_CSS_SKIP_RULE"},"pageTitleFontColor":{"default":{"color":"CT_CSS_SKIP_RULEDEFAULT"}},"pageMetaFont":{"family":"Default","variation":"n6","size":{"desktop":"12px","tablet":"12px","mobile":"12px"},"line-height":"1.3","letter-spacing":"CT_CSS_SKIP_RULE","text-transform":"uppercase","text-decoration":"CT_CSS_SKIP_RULE"},"pageMetaFontColor":{"default":{"color":"CT_CSS_SKIP_RULEDEFAULT"},"hover":{"color":"CT_CSS_SKIP_RULEDEFAULT"}},"pageExcerptFont":{"family":"Default","variation":"n5","size":"CT_CSS_SKIP_RULE","line-height":"CT_CSS_SKIP_RULE","letter-spacing":"CT_CSS_SKIP_RULE","text-transform":"CT_CSS_SKIP_RULE","text-decoration":"CT_CSS_SKIP_RULE"},"pageExcerptColor":{"default":{"color":"CT_CSS_SKIP_RULEDEFAULT"}},"pageTitleOverlay":{"default":{"color":"CT_CSS_SKIP_RULE"}},"pageTitleBackground":{"background_type":"color","background_pattern":"type-1","background_image":{"attachment_id":null,"x":0,"y":0},"background_repeat":"no-repeat","background_size":"auto","background_attachment":"scroll","patternColor":{"default":{"color":"#e5e7ea"}},"backgroundColor":{"default":{"color":"#EDEFF2"}},"default":{"color":"#edeff2"}},"e9c08d358e8061a13c6703914fc3e107":"","page_structure_type":"default","page_enable_vertical_spacing":"yes","37e2e5405a48b6dcb367458103437801":"","disable_featured_image":"no","5a23f5815557fff3b572a1ff51bc4447":"","6d18f3e1ac54c9cd1e3e09c3f4dedc8c":"","b11ba8cda6e4bad1311d96230b11a88a":"","1292d792724cdd47c48bd6e6b2e81566":"","ae2e39a6f1a394fbe333e5ca05e5bfb9":"","b025400c48fbaec82191e6798433add3":"","1ea904d02bce5589e5973cd0e6215a6d":"","af31de1a48854c5746ce4378b7f4b10c":"","aa0594d089a317f833967ec6c78ba836":"","8de4197d97c9487ce3f5018fbd54c81e":"","25f8cf7144e44cf269774b333f6c2343":"","c80e3da369fc9e2454430a6d146a31c8":"","23baab15e83c8d7083e2769a437a4768":"","3b5108b2aa7ad8a9428e511d430a3fbe":"","670381c96849f0626bfb58ac79a38931":"","efc6e89b572992af985a906e0b0677c7":"","hero_elements":[{"id":"custom_title","enabled":true,"heading_tag":"h1","title":"Home"},{"id":"custom_description","enabled":true,"description_visibility":{"desktop":true,"tablet":true,"mobile":false}},{"id":"custom_meta","enabled":false,"meta_elements":[{"id":"author","enabled":true,"label":"By","has_author_avatar":"yes","avatar_size":25},{"id":"post_date","enabled":true,"label":"On","date_format_source":"default","date_format":"M j, Y"},{"id":"comments","enabled":true}],"page_meta_elements":{"joined":true,"articles_count":true,"comments":true}},{"id":"breadcrumbs","enabled":false}],"9f21be5163e55bd032bea22f195ff20e":"","hero_vertical_alignment":"center","hero_structure":"narrow","breadcrumbsFont":{"family":"Default","variation":"n6","size":"12px","line-height":"CT_CSS_SKIP_RULE","letter-spacing":"CT_CSS_SKIP_RULE","text-transform":"uppercase","text-decoration":"CT_CSS_SKIP_RULE"},"breadcrumbsFontColor":{"default":{"color":"CT_CSS_SKIP_RULEDEFAULT"},"initial":{"color":"CT_CSS_SKIP_RULEDEFAULT"},"hover":{"color":"CT_CSS_SKIP_RULEDEFAULT"}},"96d5a5dade1ac81fdc2f23e8c7cb5b1f":"","content_style":"inherit","vertical_spacing_source":"custom","content_area_spacing":"none","background":{"background_type":"color","background_pattern":"type-1","background_image":{"attachment_id":null,"x":0,"y":0},"background_repeat":"no-repeat","background_size":"auto","background_attachment":"scroll","patternColor":{"default":{"color":"#e5e7ea"}},"backgroundColor":{"default":{"color":"CT_CSS_SKIP_RULE"}}},"content_background":{"background_type":"color","background_pattern":"type-1","background_image":{"attachment_id":null,"x":0,"y":0},"background_repeat":"no-repeat","background_size":"auto","background_attachment":"scroll","patternColor":{"default":{"color":"#e5e7ea"}},"backgroundColor":{"default":{"color":"#ffffff"}}},"content_boxed_spacing":{"desktop":"40px","tablet":"35px","mobile":"20px"},"content_boxed_radius":{"top":"3px","bottom":"3px","left":"3px","right":"3px","linked":true},"content_boxed_shadow":{"blur":18,"spread":-6,"v_offset":12,"h_offset":0,"inset":false,"enable":true,"color":{"color":"rgba(34, 56, 101, 0.04)"}},"4bdd9d5997a1f0298d97c2c762f3e2af":"","d780ec6ce909dd8e59a960d0a26ab4c7":"","db7716d397d76637263ec6a3062d99f5":"","6fe45d801239fa686eb3a5a59830a196":"","4b0189eec5ad97685a72ec47b45589b8":"","styles_descriptor":{"styles":{"desktop":"","tablet":"","mobile":""},"google_fonts":[],"version":6}},"aioseo_notices":[],"_links":{"self":[{"href":"https:\/\/silviomello.com.br\/index.php\/wp-json\/wp\/v2\/pages\/115","targetHints":{"allow":["GET"]}}],"collection":[{"href":"https:\/\/silviomello.com.br\/index.php\/wp-json\/wp\/v2\/pages"}],"about":[{"href":"https:\/\/silviomello.com.br\/index.php\/wp-json\/wp\/v2\/types\/page"}],"author":[{"embeddable":true,"href":"https:\/\/silviomello.com.br\/index.php\/wp-json\/wp\/v2\/users\/1"}],"replies":[{"embeddable":true,"href":"https:\/\/silviomello.com.br\/index.php\/wp-json\/wp\/v2\/comments?post=115"}],"version-history":[{"count":46,"href":"https:\/\/silviomello.com.br\/index.php\/wp-json\/wp\/v2\/pages\/115\/revisions"}],"predecessor-version":[{"id":2102,"href":"https:\/\/silviomello.com.br\/index.php\/wp-json\/wp\/v2\/pages\/115\/revisions\/2102"}],"wp:attachment":[{"href":"https:\/\/silviomello.com.br\/index.php\/wp-json\/wp\/v2\/media?parent=115"}],"curies":[{"name":"wp","href":"https:\/\/api.w.org\/{rel}","templated":true}]}}