{"id":1024,"date":"2023-10-24T21:07:36","date_gmt":"2023-10-25T00:07:36","guid":{"rendered":"https:\/\/silviomello.com.br\/?post_type=product&#038;p=1024"},"modified":"2024-05-08T17:55:59","modified_gmt":"2024-05-08T20:55:59","slug":"figura","status":"publish","type":"product","link":"https:\/\/silviomello.com.br\/index.php\/produto\/figura\/","title":{"rendered":"Figura"},"content":{"rendered":"<p>As cores contrastantes, nesta obra, foram usadas, com inten\u00e7\u00e3o de destacar o Rosto feminino, os adere\u00e7os, a cor dos cabelos, o sorriso aberto, enfim, todos os detalhes da mulher representada, foram feitos com a inten\u00e7\u00e3o de remeter o observador, a um Clima de Alegria.<\/p>\n<p>Ao v\u00ea-la, seja atentando-se aos detalhes, ou apenas no correr dos olhos, a obra procura remeter o expectador, a possibilidade de momentos de alegria, que podem estar em qualquer lugar.<\/p>\n<p>A cor amarela, usada na moldura em relevo, feita propositalmente para contrastar com o fundo negro, da realce e impacta a vibra\u00e7\u00e3o da obra.<\/p>\n<p>Os elementos geom\u00e9tricos sobrepostos sobre a moldura e a Tela, quebram qualquer sombra de seriedade que a obra possa ter, dando ao observador uma agrad\u00e1vel viagem sobre seu significado, colorindo e destacando ainda mais a inten\u00e7\u00e3o por ela buscada.<\/p>\n<p>&nbsp;<\/p>\n<p>Como assinatura :<\/p>\n<p>A parte de tr\u00e1s da Obra, em contraste com a Frente, tr\u00e1s cores suaves, o branco que sai do centro indo em dire\u00e7\u00e3o ao amarelo das bordas, remetem a luz, e o abstrato pulverizado sobre o fundo, trazem a possibilidade de deter o espectador, calmamente sobre a mesma, a analisar cada forma, absolutamente abstrata, e transforma-las em formas distintas pela imagina\u00e7\u00e3o.<\/p>\n<p>A tela esticada sobre a moldura e grampeada, da a sensa\u00e7\u00e3o de tecido preso em uma parede, em um local qualquer, como se estivesse ali por acaso.<\/p>\n<p>Todas as partes componentes desta obra, foram feitas por mim, a moldura o tecido e os elementos, s\u00e3o materiais recuperados, que pretendem mostrar, que \u00e9 poss\u00edvel fazer Arte, a partir de material recuperado.<\/p>\n","protected":false},"excerpt":{"rendered":"<p>As cores contrastantes, nesta obra, foram usadas, com inten\u00e7\u00e3o de destacar o Rosto feminino, os adere\u00e7os, a cor dos cabelos, o sorriso aberto, enfim, todos os detalhes da mulher representada, foram feitos com a inten\u00e7\u00e3o de remeter o observador, a um Clima de Alegria.<\/p>\n","protected":false},"featured_media":1027,"comment_status":"open","ping_status":"closed","template":"","meta":{"om_disable_all_campaigns":false,"_monsterinsights_skip_tracking":false,"_monsterinsights_sitenote_active":false,"_monsterinsights_sitenote_note":"","_monsterinsights_sitenote_category":0,"_joinchat":[]},"product_brand":[],"product_cat":[28],"product_tag":[34,32,35,33],"class_list":{"0":"post-1024","1":"product","2":"type-product","3":"status-publish","4":"has-post-thumbnail","6":"product_cat-abstrato-real","7":"product_tag-abstrato","8":"product_tag-obradearte","9":"product_tag-psicodelico","10":"product_tag-real","12":"first","13":"instock","14":"sold-individually","15":"shipping-taxable","16":"purchasable","17":"product-type-simple"},"aioseo_notices":[],"_links":{"self":[{"href":"https:\/\/silviomello.com.br\/index.php\/wp-json\/wp\/v2\/product\/1024","targetHints":{"allow":["GET"]}}],"collection":[{"href":"https:\/\/silviomello.com.br\/index.php\/wp-json\/wp\/v2\/product"}],"about":[{"href":"https:\/\/silviomello.com.br\/index.php\/wp-json\/wp\/v2\/types\/product"}],"replies":[{"embeddable":true,"href":"https:\/\/silviomello.com.br\/index.php\/wp-json\/wp\/v2\/comments?post=1024"}],"wp:featuredmedia":[{"embeddable":true,"href":"https:\/\/silviomello.com.br\/index.php\/wp-json\/wp\/v2\/media\/1027"}],"wp:attachment":[{"href":"https:\/\/silviomello.com.br\/index.php\/wp-json\/wp\/v2\/media?parent=1024"}],"wp:term":[{"taxonomy":"product_brand","embeddable":true,"href":"https:\/\/silviomello.com.br\/index.php\/wp-json\/wp\/v2\/product_brand?post=1024"},{"taxonomy":"product_cat","embeddable":true,"href":"https:\/\/silviomello.com.br\/index.php\/wp-json\/wp\/v2\/product_cat?post=1024"},{"taxonomy":"product_tag","embeddable":true,"href":"https:\/\/silviomello.com.br\/index.php\/wp-json\/wp\/v2\/product_tag?post=1024"}],"curies":[{"name":"wp","href":"https:\/\/api.w.org\/{rel}","templated":true}]}}