{"id":1039,"date":"2023-10-24T21:41:33","date_gmt":"2023-10-25T00:41:33","guid":{"rendered":"https:\/\/silviomello.com.br\/?post_type=product&#038;p=1039"},"modified":"2024-05-08T17:59:23","modified_gmt":"2024-05-08T20:59:23","slug":"ray","status":"publish","type":"product","link":"https:\/\/silviomello.com.br\/index.php\/produto\/ray\/","title":{"rendered":"Ray"},"content":{"rendered":"<p>O artista representada ( Ray Charles) por si s\u00f3, j\u00e1 lan\u00e7a o expectador a uma viagem do pensamento sobre a alegria e a adversidade<\/p>\n<p>Aqui ao homenage\u00e1-lo, usando sua figura, envolta em s\u00edmbolos, cores, relevos, formas geom\u00e9tricas, a inten\u00e7\u00e3o \u00e9 remeter aos mais variados sentimentos que sua obra pode causar.<\/p>\n<p>O elemento em destaque amarelo, real\u00e7a a figura alegre do Artista.<\/p>\n<p>A obra alegre de Ray Charles, foi respons\u00e1vel por v\u00e1rios momentos meus, de cria\u00e7\u00e3o.<\/p>\n<p>Na parte de tr\u00e1s:<\/p>\n<p>Carregando como assinatura desta alegre obra, como n\u00e3o poderia ser diferente, uma outra obra.<\/p>\n<p>Um abstrato com fundo preto, com formas que remetem ao espa\u00e7o, coloridas, d\u00e3o continuidade a alegria da obra da frente.<\/p>\n<p>Estas formas e cores, podem dar margem a interpreta\u00e7\u00e3o individual, e a uma nova viagem.<\/p>\n<p>&nbsp;<\/p>\n<p>Todas as partes componentes desta obra foram feitas por mim, desta forma. al\u00e9m da pintura, todos os componentes se transformam em arte.<\/p>\n","protected":false},"excerpt":{"rendered":"<p>O artista representada ( Ray Charles) por si s\u00f3, j\u00e1 lan\u00e7a o expectador a uma viagem do pensamento sobre a alegria e a adversidade<\/p>\n<p>Aqui ao homenage\u00e1-lo, usando sua figura, envolta em s\u00edmbolos, cores, relevos, formas geom\u00e9tricas, a inten\u00e7\u00e3o \u00e9 remeter aos mais variados sentimentos que sua obra pode causar.<\/p>\n","protected":false},"featured_media":1042,"comment_status":"open","ping_status":"closed","template":"","meta":{"om_disable_all_campaigns":false,"_monsterinsights_skip_tracking":false,"_monsterinsights_sitenote_active":false,"_monsterinsights_sitenote_note":"","_monsterinsights_sitenote_category":0,"_joinchat":[]},"product_brand":[],"product_cat":[29],"product_tag":[],"class_list":{"0":"post-1039","1":"product","2":"type-product","3":"status-publish","4":"has-post-thumbnail","6":"product_cat-psicodelico-real","8":"first","9":"instock","10":"sold-individually","11":"shipping-taxable","12":"purchasable","13":"product-type-simple"},"aioseo_notices":[],"_links":{"self":[{"href":"https:\/\/silviomello.com.br\/index.php\/wp-json\/wp\/v2\/product\/1039","targetHints":{"allow":["GET"]}}],"collection":[{"href":"https:\/\/silviomello.com.br\/index.php\/wp-json\/wp\/v2\/product"}],"about":[{"href":"https:\/\/silviomello.com.br\/index.php\/wp-json\/wp\/v2\/types\/product"}],"replies":[{"embeddable":true,"href":"https:\/\/silviomello.com.br\/index.php\/wp-json\/wp\/v2\/comments?post=1039"}],"wp:featuredmedia":[{"embeddable":true,"href":"https:\/\/silviomello.com.br\/index.php\/wp-json\/wp\/v2\/media\/1042"}],"wp:attachment":[{"href":"https:\/\/silviomello.com.br\/index.php\/wp-json\/wp\/v2\/media?parent=1039"}],"wp:term":[{"taxonomy":"product_brand","embeddable":true,"href":"https:\/\/silviomello.com.br\/index.php\/wp-json\/wp\/v2\/product_brand?post=1039"},{"taxonomy":"product_cat","embeddable":true,"href":"https:\/\/silviomello.com.br\/index.php\/wp-json\/wp\/v2\/product_cat?post=1039"},{"taxonomy":"product_tag","embeddable":true,"href":"https:\/\/silviomello.com.br\/index.php\/wp-json\/wp\/v2\/product_tag?post=1039"}],"curies":[{"name":"wp","href":"https:\/\/api.w.org\/{rel}","templated":true}]}}