{"id":1105,"date":"2023-10-27T11:33:21","date_gmt":"2023-10-27T14:33:21","guid":{"rendered":"https:\/\/silviomello.com.br\/?post_type=product&#038;p=1105"},"modified":"2024-05-08T18:03:24","modified_gmt":"2024-05-08T21:03:24","slug":"harmonia","status":"publish","type":"product","link":"https:\/\/silviomello.com.br\/index.php\/produto\/harmonia\/","title":{"rendered":"Harmonia"},"content":{"rendered":"<p>Um conjunto de cores vivas, em formas abstratas e psicod\u00e9licas, al\u00e9m da alegria da artista (Janis Joplin) ao centro,\u00a0 deixam esta obra, agrad\u00e1vel e radiante.<\/p>\n<p>A possibilidade de Observa\u00e7\u00e3o a fundo, causara no expectador uma viagem inigual\u00e1vel, sobre cada detalhe da obra, as molduras sobrepostas, as cores, as formas, a posi\u00e7\u00e3o que a obra estiver exibida, etc.<\/p>\n<p>No centro, a moldura psicod\u00e9lica, \u00e9 invadida na lateral pelas telas, e acima e abaixo, deixa espa\u00e7os vasados, mostrando o fundo da parede, permitindo que o contraste fique a disposi\u00e7\u00e3o do local de exposi\u00e7\u00e3o da obra, a Artista na tela central, pintada realisticamente, completa a harmonia, remetendo o espectador, a divaga\u00e7\u00e3o, sobre a\u00a0 interpreta\u00e7\u00e3o da obra.<\/p>\n<p>O Uni\u00e3o de tr\u00eas molduras, alinhadas harmonicamente, permite que esta obra seja posta na horizontal ou diagonal.<\/p>\n<p>&nbsp;<\/p>\n<p>No centro, a moldura psicod\u00e9lica, \u00e9 invadida na lateral pelas telas, e acima e abaixo, deixa espa\u00e7os vasados, mostrando o fundo da parede, permitindo que o contraste fique a disposi\u00e7\u00e3o do local de exposi\u00e7\u00e3o da obra, a Artista na tela central, pintada realisticamente, completa a harmonia, remetendo o espectador, a uma viajem de cores e harmonia sem igual.<\/p>\n<p>&nbsp;<\/p>\n<p>Como assinatura desta harmoniosa obra:<\/p>\n<p>A parte traseira, surpreendente, tr\u00e1s no centro, um casal desigual, estas figuras procuram levar o espectador a refletir sobre a posi\u00e7\u00e3o, homem e mulher, a mulher em seu vestido florido, chap\u00e9u e corpo esguio, esculpida em madeira, est\u00e1tica, o homem, tamb\u00e9m feito em madeira, sem adornos, e articulado, procura levar o observador a divaga\u00e7\u00f5es diferentes, cada um com seu ponto de vista.<\/p>\n<p>As telas abstratas em Ambos os lados, podem representar a uniformidade de pensamentos, ou a abstra\u00e7\u00e3o do pensamento sobre as figuras centrais.<\/p>\n<p>&nbsp;<\/p>\n<p>Todas as partes componentes desta obra, foram feitas por mim, todos os componentes de madeira, foram feitos com material de reaproveitamento, mostrando como \u00e9 poss\u00edvel produzir Obra de Arte, desta forma.<\/p>\n","protected":false},"excerpt":{"rendered":"<p>Um conjunto de cores vivas, em formas abstratas e psicod\u00e9licas, al\u00e9m da alegria da artista (Janis Joplin) ao centro,\u00a0 deixam esta obra, agrad\u00e1vel e radiante.<\/p>\n<p>A possibilidade de Observa\u00e7\u00e3o a fundo, causara no expectador uma viagem inigual\u00e1vel, sobre cada detalhe da obra, as molduras sobrepostas, as cores, as formas, a posi\u00e7\u00e3o que a obra estiver exibida, etc.<\/p>\n","protected":false},"featured_media":1106,"comment_status":"open","ping_status":"closed","template":"","meta":{"om_disable_all_campaigns":false,"_monsterinsights_skip_tracking":false,"_monsterinsights_sitenote_active":false,"_monsterinsights_sitenote_note":"","_monsterinsights_sitenote_category":0,"_joinchat":[]},"product_brand":[],"product_cat":[29],"product_tag":[34,32,35,33],"class_list":{"0":"post-1105","1":"product","2":"type-product","3":"status-publish","4":"has-post-thumbnail","6":"product_cat-psicodelico-real","7":"product_tag-abstrato","8":"product_tag-obradearte","9":"product_tag-psicodelico","10":"product_tag-real","12":"first","13":"instock","14":"sold-individually","15":"shipping-taxable","16":"purchasable","17":"product-type-simple"},"aioseo_notices":[],"_links":{"self":[{"href":"https:\/\/silviomello.com.br\/index.php\/wp-json\/wp\/v2\/product\/1105","targetHints":{"allow":["GET"]}}],"collection":[{"href":"https:\/\/silviomello.com.br\/index.php\/wp-json\/wp\/v2\/product"}],"about":[{"href":"https:\/\/silviomello.com.br\/index.php\/wp-json\/wp\/v2\/types\/product"}],"replies":[{"embeddable":true,"href":"https:\/\/silviomello.com.br\/index.php\/wp-json\/wp\/v2\/comments?post=1105"}],"wp:featuredmedia":[{"embeddable":true,"href":"https:\/\/silviomello.com.br\/index.php\/wp-json\/wp\/v2\/media\/1106"}],"wp:attachment":[{"href":"https:\/\/silviomello.com.br\/index.php\/wp-json\/wp\/v2\/media?parent=1105"}],"wp:term":[{"taxonomy":"product_brand","embeddable":true,"href":"https:\/\/silviomello.com.br\/index.php\/wp-json\/wp\/v2\/product_brand?post=1105"},{"taxonomy":"product_cat","embeddable":true,"href":"https:\/\/silviomello.com.br\/index.php\/wp-json\/wp\/v2\/product_cat?post=1105"},{"taxonomy":"product_tag","embeddable":true,"href":"https:\/\/silviomello.com.br\/index.php\/wp-json\/wp\/v2\/product_tag?post=1105"}],"curies":[{"name":"wp","href":"https:\/\/api.w.org\/{rel}","templated":true}]}}