{"id":1107,"date":"2023-10-27T11:35:04","date_gmt":"2023-10-27T14:35:04","guid":{"rendered":"https:\/\/silviomello.com.br\/?post_type=product&#038;p=1107"},"modified":"2024-05-08T20:43:40","modified_gmt":"2024-05-08T23:43:40","slug":"1970","status":"publish","type":"product","link":"https:\/\/silviomello.com.br\/index.php\/produto\/1970\/","title":{"rendered":"1970"},"content":{"rendered":"<p>O sorriso doce e meigo representado na pintura em \u00f3leo sobre tela, no centro da obra, mostram a artista (Janis Joplin)em um momento diferente do conhecido, a suavidade das cores usadas,\u00a0 elementos com formas arredondadas, e as formas psicod\u00e9licas usados na moldura e nos elementos laterais, se complementam.<\/p>\n<p>Uma homenagem a artista de carreira t\u00e3o curta, mais que ficou marcada para muita gente, que viveu a mudan\u00e7a da \u00e9poca.<\/p>\n<p>O observador poder\u00e1 viajar no sorriso, nas camadas sobrepostas de tinta, e na alegria sutil da pintura, completamente linear com a moldura.<\/p>\n<p>&nbsp;<\/p>\n<p>Como assinatura desta linda obra:<\/p>\n<p>Na parte de tr\u00e1s da obra, na Tela central, uma pintura abstrata e colorida, feita sobre um fundo branco, causa impacto ao contrastar com a moldura preta, e os dois elementos laterais, coloridos e arredondados, deixam o contraste ainda mais destacado e agrad\u00e1vel.<\/p>\n<p>A viagem do espectador e inevit\u00e1vel, ao observar as cores e contrastes, imposs\u00edvel n\u00e3o se deter sobre a obra, que o remetera e conectara com a frente e a artista.<\/p>\n<p>&nbsp;<\/p>\n<p>Todas as partes componentes desta obra, foram feitas por mim, todos os componentes de madeira, foram feitos com material de reaproveitamento, mostrando como \u00e9 poss\u00edvel produzir Obra de Arte, desta forma.<\/p>\n","protected":false},"excerpt":{"rendered":"<p>O sorriso doce e meigo representado na pintura em \u00f3leo sobre tela, no centro da obra, mostram a artista (Janis Joplin)em um momento diferente do conhecido, a suavidade das cores usadas,\u00a0 elementos com formas arredondadas, e as formas psicod\u00e9licas usados na moldura e nos elementos laterais, se complementam.<\/p>\n<p>Uma homenagem a artista de carreira t\u00e3o curta, mais que ficou marcada para muita gente, que viveu a mudan\u00e7a da \u00e9poca.<\/p>\n","protected":false},"featured_media":1108,"comment_status":"open","ping_status":"closed","template":"","meta":{"om_disable_all_campaigns":false,"_monsterinsights_skip_tracking":false,"_monsterinsights_sitenote_active":false,"_monsterinsights_sitenote_note":"","_monsterinsights_sitenote_category":0,"_joinchat":[]},"product_brand":[],"product_cat":[29],"product_tag":[34,32,35,33],"class_list":{"0":"post-1107","1":"product","2":"type-product","3":"status-publish","4":"has-post-thumbnail","6":"product_cat-psicodelico-real","7":"product_tag-abstrato","8":"product_tag-obradearte","9":"product_tag-psicodelico","10":"product_tag-real","12":"first","13":"instock","14":"sale","15":"featured","16":"sold-individually","17":"shipping-taxable","18":"purchasable","19":"product-type-simple"},"aioseo_notices":[],"_links":{"self":[{"href":"https:\/\/silviomello.com.br\/index.php\/wp-json\/wp\/v2\/product\/1107","targetHints":{"allow":["GET"]}}],"collection":[{"href":"https:\/\/silviomello.com.br\/index.php\/wp-json\/wp\/v2\/product"}],"about":[{"href":"https:\/\/silviomello.com.br\/index.php\/wp-json\/wp\/v2\/types\/product"}],"replies":[{"embeddable":true,"href":"https:\/\/silviomello.com.br\/index.php\/wp-json\/wp\/v2\/comments?post=1107"}],"wp:featuredmedia":[{"embeddable":true,"href":"https:\/\/silviomello.com.br\/index.php\/wp-json\/wp\/v2\/media\/1108"}],"wp:attachment":[{"href":"https:\/\/silviomello.com.br\/index.php\/wp-json\/wp\/v2\/media?parent=1107"}],"wp:term":[{"taxonomy":"product_brand","embeddable":true,"href":"https:\/\/silviomello.com.br\/index.php\/wp-json\/wp\/v2\/product_brand?post=1107"},{"taxonomy":"product_cat","embeddable":true,"href":"https:\/\/silviomello.com.br\/index.php\/wp-json\/wp\/v2\/product_cat?post=1107"},{"taxonomy":"product_tag","embeddable":true,"href":"https:\/\/silviomello.com.br\/index.php\/wp-json\/wp\/v2\/product_tag?post=1107"}],"curies":[{"name":"wp","href":"https:\/\/api.w.org\/{rel}","templated":true}]}}