{"id":1136,"date":"2023-10-28T12:15:56","date_gmt":"2023-10-28T15:15:56","guid":{"rendered":"https:\/\/silviomello.com.br\/?post_type=product&#038;p=1136"},"modified":"2024-05-08T18:04:31","modified_gmt":"2024-05-08T21:04:31","slug":"perplexidade","status":"publish","type":"product","link":"https:\/\/silviomello.com.br\/index.php\/produto\/perplexidade\/","title":{"rendered":"Perplexidade."},"content":{"rendered":"<p>A Leitura da Obra O Desespero, \u00e9 feita em Giz Paste Seco, protegida e destacada por Resina ep\u00f3xi.<\/p>\n<p>Posta na parte central da obra, com um fundo negro, a figura age como\u00a0 quem arrebenta a tela, com seu espanto, que se rasga disforme, este espanto vai se amenizando conforme segue para a borda da obra, iniciando com tons amarelos, passando para os vermelhos e suavizando com um tons turquesa.<\/p>\n<p>Na parte externa da tela rompida, pe\u00e7as de quebra cabe\u00e7a, deixam o espectador em duvida, e ao mesmo tempo, remetem o mesmo, ao seus pr\u00f3prios pensamentos, perdidos como pe\u00e7as de um quebra cabe\u00e7as, tentando se encaixar, cortados por lampejos de luminosidade.<\/p>\n<p>A moldura, em relevo, com fundo vermelho, e pulverizada de maneira abstrata, com cores vivas e fortes, conduzem quem observa ao interior da obra, limitando toda a perplexidade causada.<\/p>\n<p>De maneira ineficaz, a moldura vermelha, n\u00e3o consegue impedir os pensamentos perdidos de vasarem pelo rasgo da tela que escorrem para fora da mesma.<\/p>\n<p>Como assinatura :<\/p>\n<p>No verso da obra, Uma tela negra com as bordas pintadas em tons degrade de marrom, remetem a um tecido envelhecido, onde abstratamente, cores contrastantes, tentam fugir, correndo e se debatendo.<\/p>\n<p>Os grampos que prenderam a tela sobre a moldura, est\u00e3o a vista do espectador, para demonstrar a confec\u00e7\u00e3o manual da obra, e refor\u00e7ar a pris\u00e3o das cores.<\/p>\n<p>Todas as partes componentes desta obra, foram feitas por mim, a moldura e o tecido, s\u00e3o materiais recuperados, mostrando como \u00e9 poss\u00edvel\u00a0 produzir Arte, a partir de reutiliza\u00e7\u00e3o.<\/p>\n","protected":false},"excerpt":{"rendered":"<p>Esta obra \u00e9 uma vis\u00e3o particular e atual do Quadro, O Desespero, pintado por Gustave Courbet. A fisionomia Perplexa da figura masculina representada ao Centro, ganha vida, quando contrastada, com as cores da abstra\u00e7\u00e3o que envolve a obra.<\/p>\n","protected":false},"featured_media":1139,"comment_status":"open","ping_status":"closed","template":"","meta":{"om_disable_all_campaigns":false,"_monsterinsights_skip_tracking":false,"_monsterinsights_sitenote_active":false,"_monsterinsights_sitenote_note":"","_monsterinsights_sitenote_category":0,"_joinchat":[]},"product_brand":[],"product_cat":[29],"product_tag":[34,32,35,33],"class_list":{"0":"post-1136","1":"product","2":"type-product","3":"status-publish","4":"has-post-thumbnail","6":"product_cat-psicodelico-real","7":"product_tag-abstrato","8":"product_tag-obradearte","9":"product_tag-psicodelico","10":"product_tag-real","12":"first","13":"instock","14":"sold-individually","15":"shipping-taxable","16":"purchasable","17":"product-type-simple"},"aioseo_notices":[],"_links":{"self":[{"href":"https:\/\/silviomello.com.br\/index.php\/wp-json\/wp\/v2\/product\/1136","targetHints":{"allow":["GET"]}}],"collection":[{"href":"https:\/\/silviomello.com.br\/index.php\/wp-json\/wp\/v2\/product"}],"about":[{"href":"https:\/\/silviomello.com.br\/index.php\/wp-json\/wp\/v2\/types\/product"}],"replies":[{"embeddable":true,"href":"https:\/\/silviomello.com.br\/index.php\/wp-json\/wp\/v2\/comments?post=1136"}],"wp:featuredmedia":[{"embeddable":true,"href":"https:\/\/silviomello.com.br\/index.php\/wp-json\/wp\/v2\/media\/1139"}],"wp:attachment":[{"href":"https:\/\/silviomello.com.br\/index.php\/wp-json\/wp\/v2\/media?parent=1136"}],"wp:term":[{"taxonomy":"product_brand","embeddable":true,"href":"https:\/\/silviomello.com.br\/index.php\/wp-json\/wp\/v2\/product_brand?post=1136"},{"taxonomy":"product_cat","embeddable":true,"href":"https:\/\/silviomello.com.br\/index.php\/wp-json\/wp\/v2\/product_cat?post=1136"},{"taxonomy":"product_tag","embeddable":true,"href":"https:\/\/silviomello.com.br\/index.php\/wp-json\/wp\/v2\/product_tag?post=1136"}],"curies":[{"name":"wp","href":"https:\/\/api.w.org\/{rel}","templated":true}]}}