{"id":1149,"date":"2023-10-29T22:34:12","date_gmt":"2023-10-30T01:34:12","guid":{"rendered":"https:\/\/silviomello.com.br\/?post_type=product&#038;p=1149"},"modified":"2024-05-08T17:53:12","modified_gmt":"2024-05-08T20:53:12","slug":"amy","status":"publish","type":"product","link":"https:\/\/silviomello.com.br\/index.php\/produto\/amy\/","title":{"rendered":"Amy"},"content":{"rendered":"<p>A Realidade das Representa\u00e7\u00f5es da Artista, postas como parte principal do conjunto, o Colorido do Abstrato e a montagem sobreposta das Tr\u00eas Molduras, comp\u00f5em esta Obra, exclusiva.<\/p>\n<p>Os elementos, as cores, as formas, as figuras, junto com uma geometria harm\u00f4nica, d\u00e3o ao observador, a oportunidade, de se deter a observar a obra, sem causar cansa\u00e7o visual.<\/p>\n<p>Esta obra foi Criada com duas Representa\u00e7\u00f5es da Artista, , montadas num conjunto harm\u00f4nico de tr\u00eas molduras, pintadas com cores fortes, remetem a intensidade da m\u00fasica da Artista e causam no espectador um impacto visual, surpreendente e agrad\u00e1vel.<\/p>\n<p>&nbsp;<\/p>\n<p>Como assinatura:<\/p>\n<p>Na parte traseira da obra, em contraste com o Realismo das Imagens, uma sobreposi\u00e7\u00e3o de abstrato, colorido e harm\u00f4nico, unindo a parte de tr\u00e1s com a frente, pelas figuras femininas.<\/p>\n<p>Complementando a Obra, a maneira como as tr\u00eas molduras foram sobrepostas, fica a mostra, dando ao espectador, a oportunidade de observar como a obra foi montada.<\/p>\n<p>&nbsp;<\/p>\n<p>Todas as partes componentes desta obra, foram feitas por mim, boa parte, como as molduras, feitas com madeira de recupera\u00e7\u00e3o, e papel reciclado, mostram como \u00e9 poss\u00edvel o reaproveitamento de materiais para produ\u00e7\u00e3o de Arte.<\/p>\n<p>&nbsp;<\/p>\n","protected":false},"excerpt":{"rendered":"<p>A Realidade das Representa\u00e7\u00f5es da Artista, postas como parte principal do conjunto, o Colorido do Abstrato e a montagem sobreposta das Tr\u00eas Molduras, comp\u00f5em esta Obra, exclusiva.<\/p>\n<p>Os elementos, as cores, as formas, as figuras, junto com uma geometria harm\u00f4nica, d\u00e3o ao observador, a oportunidade, de se deter a observar a obra, sem causar cansa\u00e7o visual.<\/p>\n","protected":false},"featured_media":1152,"comment_status":"open","ping_status":"closed","template":"","meta":{"om_disable_all_campaigns":false,"_monsterinsights_skip_tracking":false,"_monsterinsights_sitenote_active":false,"_monsterinsights_sitenote_note":"","_monsterinsights_sitenote_category":0,"_joinchat":{"telephone":"+5541998203643","message_text":"Fale Comigo.","message_send":"Ola, Silvio, podemos falar agora ?"}},"product_brand":[],"product_cat":[28],"product_tag":[34,32,35,33],"class_list":{"0":"post-1149","1":"product","2":"type-product","3":"status-publish","4":"has-post-thumbnail","6":"product_cat-abstrato-real","7":"product_tag-abstrato","8":"product_tag-obradearte","9":"product_tag-psicodelico","10":"product_tag-real","12":"first","13":"instock","14":"sold-individually","15":"shipping-taxable","16":"purchasable","17":"product-type-simple"},"aioseo_notices":[],"_links":{"self":[{"href":"https:\/\/silviomello.com.br\/index.php\/wp-json\/wp\/v2\/product\/1149","targetHints":{"allow":["GET"]}}],"collection":[{"href":"https:\/\/silviomello.com.br\/index.php\/wp-json\/wp\/v2\/product"}],"about":[{"href":"https:\/\/silviomello.com.br\/index.php\/wp-json\/wp\/v2\/types\/product"}],"replies":[{"embeddable":true,"href":"https:\/\/silviomello.com.br\/index.php\/wp-json\/wp\/v2\/comments?post=1149"}],"wp:featuredmedia":[{"embeddable":true,"href":"https:\/\/silviomello.com.br\/index.php\/wp-json\/wp\/v2\/media\/1152"}],"wp:attachment":[{"href":"https:\/\/silviomello.com.br\/index.php\/wp-json\/wp\/v2\/media?parent=1149"}],"wp:term":[{"taxonomy":"product_brand","embeddable":true,"href":"https:\/\/silviomello.com.br\/index.php\/wp-json\/wp\/v2\/product_brand?post=1149"},{"taxonomy":"product_cat","embeddable":true,"href":"https:\/\/silviomello.com.br\/index.php\/wp-json\/wp\/v2\/product_cat?post=1149"},{"taxonomy":"product_tag","embeddable":true,"href":"https:\/\/silviomello.com.br\/index.php\/wp-json\/wp\/v2\/product_tag?post=1149"}],"curies":[{"name":"wp","href":"https:\/\/api.w.org\/{rel}","templated":true}]}}