{"id":1172,"date":"2023-10-30T11:25:18","date_gmt":"2023-10-30T14:25:18","guid":{"rendered":"https:\/\/silviomello.com.br\/?post_type=product&#038;p=1172"},"modified":"2024-05-08T18:03:52","modified_gmt":"2024-05-08T21:03:52","slug":"nina","status":"publish","type":"product","link":"https:\/\/silviomello.com.br\/index.php\/produto\/nina\/","title":{"rendered":"Nina"},"content":{"rendered":"<p>O jogo de linhas em todos os sentidos, feitos sobre a pintura da artista (Nina Simone), representam sua trajet\u00f3ria, e bela historia.<\/p>\n<p>A representa\u00e7\u00e3o, apesar de ser realista, foge do padr\u00e3o, remetendo o observador harmonia das linhas que dividem a figura.<\/p>\n<p>A moldura cinza, feita propositalmente, mantem a harmonia, no entanto o elemento em transversal, vermelho, tr\u00e1s o foco da fisionomia alegre.<\/p>\n<p>Esta obra leva o Observador a um contraste emocionante de sentimentos.<\/p>\n<p>&nbsp;<\/p>\n<p>Como assinatura :<\/p>\n<p>No verso da obra, feito em um tom de cinza suave, inova completamente esta Arte, pois o cinza, visto como uma cor opaca e sem vida, nesta pintura, no entanto,\u00a0 a pulveriza\u00e7\u00e3o de cores sobre ele, deixaram a assinatura desta obra, agrad\u00e1vel, harm\u00f4nica e sens\u00edvel.<\/p>\n<p>Estes tons, tentam conectar a parte de tr\u00e1s da obra com a parte da frente, predominando os tons monocrom\u00e1ticos.<\/p>\n<p>&nbsp;<\/p>\n<p>Todas as partes componentes desta obra, foram feitas por mim, todos os componentes de madeira, foram feitos com material de reaproveitamento, mostrando como \u00e9 poss\u00edvel produzir Obra de Arte, desta forma.<\/p>\n","protected":false},"excerpt":{"rendered":"<p>O jogo de linhas em todos os sentidos, feitos sobre a pintura da artista (Nina Simone), representam sua trajet\u00f3ria, e bela historia.<\/p>\n<p>A representa\u00e7\u00e3o, apesar de ser realista, foge do padr\u00e3o, remetendo o observador harmonia das linhas que dividem a figura.<\/p>\n","protected":false},"featured_media":1175,"comment_status":"open","ping_status":"closed","template":"","meta":{"om_disable_all_campaigns":false,"_monsterinsights_skip_tracking":false,"_monsterinsights_sitenote_active":false,"_monsterinsights_sitenote_note":"","_monsterinsights_sitenote_category":0,"_joinchat":[]},"product_brand":[],"product_cat":[28],"product_tag":[34,32,35,33],"class_list":{"0":"post-1172","1":"product","2":"type-product","3":"status-publish","4":"has-post-thumbnail","6":"product_cat-abstrato-real","7":"product_tag-abstrato","8":"product_tag-obradearte","9":"product_tag-psicodelico","10":"product_tag-real","12":"first","13":"instock","14":"sold-individually","15":"shipping-taxable","16":"purchasable","17":"product-type-simple"},"aioseo_notices":[],"_links":{"self":[{"href":"https:\/\/silviomello.com.br\/index.php\/wp-json\/wp\/v2\/product\/1172","targetHints":{"allow":["GET"]}}],"collection":[{"href":"https:\/\/silviomello.com.br\/index.php\/wp-json\/wp\/v2\/product"}],"about":[{"href":"https:\/\/silviomello.com.br\/index.php\/wp-json\/wp\/v2\/types\/product"}],"replies":[{"embeddable":true,"href":"https:\/\/silviomello.com.br\/index.php\/wp-json\/wp\/v2\/comments?post=1172"}],"wp:featuredmedia":[{"embeddable":true,"href":"https:\/\/silviomello.com.br\/index.php\/wp-json\/wp\/v2\/media\/1175"}],"wp:attachment":[{"href":"https:\/\/silviomello.com.br\/index.php\/wp-json\/wp\/v2\/media?parent=1172"}],"wp:term":[{"taxonomy":"product_brand","embeddable":true,"href":"https:\/\/silviomello.com.br\/index.php\/wp-json\/wp\/v2\/product_brand?post=1172"},{"taxonomy":"product_cat","embeddable":true,"href":"https:\/\/silviomello.com.br\/index.php\/wp-json\/wp\/v2\/product_cat?post=1172"},{"taxonomy":"product_tag","embeddable":true,"href":"https:\/\/silviomello.com.br\/index.php\/wp-json\/wp\/v2\/product_tag?post=1172"}],"curies":[{"name":"wp","href":"https:\/\/api.w.org\/{rel}","templated":true}]}}