{"id":1183,"date":"2023-10-30T19:39:24","date_gmt":"2023-10-30T22:39:24","guid":{"rendered":"https:\/\/silviomello.com.br\/?post_type=product&#038;p=1183"},"modified":"2024-09-22T21:32:47","modified_gmt":"2024-09-23T00:32:47","slug":"borboletas","status":"publish","type":"product","link":"https:\/\/silviomello.com.br\/index.php\/produto\/borboletas\/","title":{"rendered":"Borboletas (VENDIDO)"},"content":{"rendered":"<p>O efeito causado, pelas varias camadas desta obra, iniciando pelo Plano de fundo, representado pela figura feminina, composta por diversas camadas de tinta sobrepostas e espessas, com cores marcantes e sensuais, causam um efeito inigual\u00e1vel e Harmonioso.<\/p>\n<p>O rosto forte e sensual da figura feminina, levara o expectador a se deter diante da obra, a observar e ser observado por ela.<\/p>\n<p>Como quem olha de uma janela para o mundo, ela se mantem firme, iniciando a viagem que o observador ter\u00e1.<\/p>\n<p>Contrastando, as borboletas pousadas, trazem a suavidade feminina.<\/p>\n<p>Esta combina\u00e7\u00e3o, permite a esta Obra, unir a delicadeza, a sensualidade e a altivez da linda figura feminina representada.<\/p>\n<p>&nbsp;<\/p>\n<p>Como assinatura :<\/p>\n<p>No verso da obra, um degrade de tons terrosos ao fundo, remete a sobriedade, porem as cores contrastantes, derramadas sobre o fundo, partindo do centro, causam uma sensa\u00e7\u00e3o de abertura, que pode remeter a esperan\u00e7a da conquista do lado oposto da obra, conectando assim, frente e verso.<\/p>\n<p>Neste contesto, os grampos que prenderam a tela sobre a moldura, est\u00e3o a vista do espectador, representado, a simplicidade e originalidade, que talvez seja a base da conquista.<\/p>\n<p>Todas as partes componentes desta obra, foram feitas por mim, boa parte, como a moldura e o elemento geom\u00e9trico, feitos com madeira de recupera\u00e7\u00e3o, mostram como \u00e9 poss\u00edvel o reaproveitamento de materiais para produ\u00e7\u00e3o de Arte.<\/p>\n","protected":false},"excerpt":{"rendered":"<p>O efeito causado, pelas varias camadas desta obra, iniciando pelo Plano de fundo, representado pela figura feminina, composta por diversas camadas de tinta sobrepostas e espessas, com cores marcantes e sensuais, causam um efeito inigual\u00e1vel e Harmonioso.<\/p>\n","protected":false},"featured_media":1186,"comment_status":"open","ping_status":"closed","template":"","meta":{"om_disable_all_campaigns":false,"_monsterinsights_skip_tracking":false,"_monsterinsights_sitenote_active":false,"_monsterinsights_sitenote_note":"","_monsterinsights_sitenote_category":0,"_joinchat":[]},"product_brand":[],"product_cat":[28],"product_tag":[34,32,35,33],"class_list":{"0":"post-1183","1":"product","2":"type-product","3":"status-publish","4":"has-post-thumbnail","6":"product_cat-abstrato-real","7":"product_tag-abstrato","8":"product_tag-obradearte","9":"product_tag-psicodelico","10":"product_tag-real","12":"first","13":"instock","14":"featured","15":"sold-individually","16":"shipping-taxable","17":"purchasable","18":"product-type-simple"},"aioseo_notices":[],"_links":{"self":[{"href":"https:\/\/silviomello.com.br\/index.php\/wp-json\/wp\/v2\/product\/1183","targetHints":{"allow":["GET"]}}],"collection":[{"href":"https:\/\/silviomello.com.br\/index.php\/wp-json\/wp\/v2\/product"}],"about":[{"href":"https:\/\/silviomello.com.br\/index.php\/wp-json\/wp\/v2\/types\/product"}],"replies":[{"embeddable":true,"href":"https:\/\/silviomello.com.br\/index.php\/wp-json\/wp\/v2\/comments?post=1183"}],"wp:featuredmedia":[{"embeddable":true,"href":"https:\/\/silviomello.com.br\/index.php\/wp-json\/wp\/v2\/media\/1186"}],"wp:attachment":[{"href":"https:\/\/silviomello.com.br\/index.php\/wp-json\/wp\/v2\/media?parent=1183"}],"wp:term":[{"taxonomy":"product_brand","embeddable":true,"href":"https:\/\/silviomello.com.br\/index.php\/wp-json\/wp\/v2\/product_brand?post=1183"},{"taxonomy":"product_cat","embeddable":true,"href":"https:\/\/silviomello.com.br\/index.php\/wp-json\/wp\/v2\/product_cat?post=1183"},{"taxonomy":"product_tag","embeddable":true,"href":"https:\/\/silviomello.com.br\/index.php\/wp-json\/wp\/v2\/product_tag?post=1183"}],"curies":[{"name":"wp","href":"https:\/\/api.w.org\/{rel}","templated":true}]}}