{"id":1196,"date":"2023-10-30T22:26:47","date_gmt":"2023-10-31T01:26:47","guid":{"rendered":"https:\/\/silviomello.com.br\/?post_type=product&#038;p=1196"},"modified":"2024-05-08T18:00:42","modified_gmt":"2024-05-08T21:00:42","slug":"desconcertante","status":"publish","type":"product","link":"https:\/\/silviomello.com.br\/index.php\/produto\/desconcertante\/","title":{"rendered":"Desconcertante."},"content":{"rendered":"<p>Varias representa\u00e7\u00f5es em Caricatura de figuras publicas, sobre o fundo preto, fazem desta obra, que deve ser objeto de demorada observa\u00e7\u00e3o, os tra\u00e7os de cada caricatura, e os detalhes exagerados que caracterizam cada uma, far\u00e3o o espectador deter-se sobre ela, tentando a identifica\u00e7\u00e3o do personagem.<\/p>\n<p>A tela sobreposta sobre a moldura, fixada em \u00e2ngulo diferente e com cores vivas em cada extremidade, ajudam a obra a contrastar com os personagens, com um jogo geom\u00e9trico e sim\u00e9trico.<\/p>\n<p>Este conjunto, torna a observa\u00e7\u00e3o agrad\u00e1vel e irreverente, como sugerem as caricaturas.<\/p>\n<p>&nbsp;<\/p>\n<p>Como assinatura :<\/p>\n<p>O verso da obra, deixa a mostra a sobreposi\u00e7\u00e3o de tela e moldura, mostrando ao espectador a maneira como foram unidas.<\/p>\n<p>As figuras geom\u00e9tricas em preto fosco, que surgem com esta sobreposi\u00e7\u00e3o de bases, contrastam maravilhosamente com a pintura abstrata, feita sobre a parte natural do tecido da tela.<\/p>\n<p>&nbsp;<\/p>\n<p>Todas as partes componentes desta obra, foram feitas por mim, boa parte, como as moldura, foram feitos com madeira de recupera\u00e7\u00e3o, mostrando como \u00e9 poss\u00edvel o reaproveitamento de materiais para produ\u00e7\u00e3o de Arte.<\/p>\n","protected":false},"excerpt":{"rendered":"<p>Varias representa\u00e7\u00f5es em Caricatura de figuras publicas, sobre o fundo preto, fazem desta obra, que deve ser objeto de demorada observa\u00e7\u00e3o, os tra\u00e7os de cada caricatura, e os detalhes exagerados que caracterizam cada uma, far\u00e3o o espectador deter-se sobre ela, tentando a identifica\u00e7\u00e3o do personagem.<\/p>\n","protected":false},"featured_media":1199,"comment_status":"open","ping_status":"closed","template":"","meta":{"om_disable_all_campaigns":false,"_monsterinsights_skip_tracking":false,"_monsterinsights_sitenote_active":false,"_monsterinsights_sitenote_note":"","_monsterinsights_sitenote_category":0,"_joinchat":[]},"product_brand":[],"product_cat":[30],"product_tag":[34,32,35,33],"class_list":{"0":"post-1196","1":"product","2":"type-product","3":"status-publish","4":"has-post-thumbnail","6":"product_cat-imaginario-autentico","7":"product_tag-abstrato","8":"product_tag-obradearte","9":"product_tag-psicodelico","10":"product_tag-real","12":"first","13":"instock","14":"sold-individually","15":"shipping-taxable","16":"purchasable","17":"product-type-simple"},"aioseo_notices":[],"_links":{"self":[{"href":"https:\/\/silviomello.com.br\/index.php\/wp-json\/wp\/v2\/product\/1196","targetHints":{"allow":["GET"]}}],"collection":[{"href":"https:\/\/silviomello.com.br\/index.php\/wp-json\/wp\/v2\/product"}],"about":[{"href":"https:\/\/silviomello.com.br\/index.php\/wp-json\/wp\/v2\/types\/product"}],"replies":[{"embeddable":true,"href":"https:\/\/silviomello.com.br\/index.php\/wp-json\/wp\/v2\/comments?post=1196"}],"wp:featuredmedia":[{"embeddable":true,"href":"https:\/\/silviomello.com.br\/index.php\/wp-json\/wp\/v2\/media\/1199"}],"wp:attachment":[{"href":"https:\/\/silviomello.com.br\/index.php\/wp-json\/wp\/v2\/media?parent=1196"}],"wp:term":[{"taxonomy":"product_brand","embeddable":true,"href":"https:\/\/silviomello.com.br\/index.php\/wp-json\/wp\/v2\/product_brand?post=1196"},{"taxonomy":"product_cat","embeddable":true,"href":"https:\/\/silviomello.com.br\/index.php\/wp-json\/wp\/v2\/product_cat?post=1196"},{"taxonomy":"product_tag","embeddable":true,"href":"https:\/\/silviomello.com.br\/index.php\/wp-json\/wp\/v2\/product_tag?post=1196"}],"curies":[{"name":"wp","href":"https:\/\/api.w.org\/{rel}","templated":true}]}}