{"id":1246,"date":"2023-10-31T15:18:22","date_gmt":"2023-10-31T18:18:22","guid":{"rendered":"https:\/\/silviomello.com.br\/?post_type=product&#038;p=1246"},"modified":"2024-05-08T18:02:54","modified_gmt":"2024-05-08T21:02:54","slug":"corrida","status":"publish","type":"product","link":"https:\/\/silviomello.com.br\/index.php\/produto\/corrida\/","title":{"rendered":"Corrida"},"content":{"rendered":"<p>Uma obra abstrata, com molduras geom\u00e9tricas sobrepostas.<\/p>\n<p>Nesta obra, as formas, as cores, e o nome, fazem sua interpreta\u00e7\u00e3o.<\/p>\n<p>Deixo por conta do expectador, a viagem e o significado, olhando com aten\u00e7\u00e3o, pode-se observar a dire\u00e7\u00e3o tomada pelos elementos, e onde desejam chegar.<\/p>\n<p>&nbsp;<\/p>\n<p>Como assinatura :<\/p>\n<p>No verso da obra, a cor de fundo predominante branca, \u00e9 salpicada com cores fortes, iniciando uma nova viagem, par que o expectador, fa\u00e7a por si a liga\u00e7\u00e3o com a parte da frente da obra<\/p>\n<p>O escuro da frente, e o claro da parte de traz se complementam, formando a historia do antes e depois.<\/p>\n<p>Neste contesto, os grampos que prenderam a tela sobre a moldura, e o tecido aparentemente for\u00e7ado, quase resgando, completam o jogo.<\/p>\n<p>Todas as partes componentes desta obra, foram feitas por mim, boa parte, como a moldura e o elemento geom\u00e9trico, feitos com madeira de recupera\u00e7\u00e3o, mostram como \u00e9 poss\u00edvel o reaproveitamento de materiais para produ\u00e7\u00e3o de Arte.<\/p>\n","protected":false},"excerpt":{"rendered":"<p>Uma obra abstrata, com molduras geom\u00e9tricas sobrepostas.<\/p>\n<p>Nesta obra, as formas, as cores, e o nome, fazem sua interpreta\u00e7\u00e3o.<\/p>\n","protected":false},"featured_media":1249,"comment_status":"open","ping_status":"closed","template":"","meta":{"om_disable_all_campaigns":false,"_monsterinsights_skip_tracking":false,"_monsterinsights_sitenote_active":false,"_monsterinsights_sitenote_note":"","_monsterinsights_sitenote_category":0,"_joinchat":[]},"product_brand":[],"product_cat":[31],"product_tag":[34,32,35,33],"class_list":{"0":"post-1246","1":"product","2":"type-product","3":"status-publish","4":"has-post-thumbnail","6":"product_cat-aleatorio-abstrato","7":"product_tag-abstrato","8":"product_tag-obradearte","9":"product_tag-psicodelico","10":"product_tag-real","12":"first","13":"instock","14":"sold-individually","15":"shipping-taxable","16":"purchasable","17":"product-type-simple"},"aioseo_notices":[],"_links":{"self":[{"href":"https:\/\/silviomello.com.br\/index.php\/wp-json\/wp\/v2\/product\/1246","targetHints":{"allow":["GET"]}}],"collection":[{"href":"https:\/\/silviomello.com.br\/index.php\/wp-json\/wp\/v2\/product"}],"about":[{"href":"https:\/\/silviomello.com.br\/index.php\/wp-json\/wp\/v2\/types\/product"}],"replies":[{"embeddable":true,"href":"https:\/\/silviomello.com.br\/index.php\/wp-json\/wp\/v2\/comments?post=1246"}],"wp:featuredmedia":[{"embeddable":true,"href":"https:\/\/silviomello.com.br\/index.php\/wp-json\/wp\/v2\/media\/1249"}],"wp:attachment":[{"href":"https:\/\/silviomello.com.br\/index.php\/wp-json\/wp\/v2\/media?parent=1246"}],"wp:term":[{"taxonomy":"product_brand","embeddable":true,"href":"https:\/\/silviomello.com.br\/index.php\/wp-json\/wp\/v2\/product_brand?post=1246"},{"taxonomy":"product_cat","embeddable":true,"href":"https:\/\/silviomello.com.br\/index.php\/wp-json\/wp\/v2\/product_cat?post=1246"},{"taxonomy":"product_tag","embeddable":true,"href":"https:\/\/silviomello.com.br\/index.php\/wp-json\/wp\/v2\/product_tag?post=1246"}],"curies":[{"name":"wp","href":"https:\/\/api.w.org\/{rel}","templated":true}]}}