{"id":1260,"date":"2023-10-31T21:07:54","date_gmt":"2023-11-01T00:07:54","guid":{"rendered":"https:\/\/silviomello.com.br\/?post_type=product&#038;p=1260"},"modified":"2024-05-08T18:02:34","modified_gmt":"2024-05-08T21:02:34","slug":"gil","status":"publish","type":"product","link":"https:\/\/silviomello.com.br\/index.php\/produto\/gil\/","title":{"rendered":"Gil."},"content":{"rendered":"<p>Esta Obra, \u00e9 uma humilde homenagem, ao Artista representado no centro da obra ( Gilberto Gil) que fala por si, na genialidade de sua obra.<\/p>\n<p>As cores e as formas que envolvem sua figura, representam a alegria de suas cria\u00e7\u00f5es,<\/p>\n<p>Uma viagem com in\u00fameros elementos, que d\u00e3o ao expectador margem para se deter um longo tempo, analisado a composi\u00e7\u00e3o.<\/p>\n<p>Uma tela sobreposta, com representa\u00e7\u00f5es que remetem a musica, levam o admirador em dire\u00e7\u00e3o a obra do artista.<\/p>\n<p>&nbsp;<\/p>\n<p>Na parte de tr\u00e1s:<\/p>\n<p>Como assinatura desta obra, como n\u00e3o poderia ser diferente, uma outra obra.<\/p>\n<p>Um abstrato com bolhas coloridas, sobre o fundo preto, mais uma vez tentando remeter o expectador a alegria da obra do artista.<\/p>\n<p>As formas desformes que saem das\u00a0 laterais, podem dar margem a interpreta\u00e7\u00e3o individual, conduzindo a uma nova viagem.<\/p>\n<p>&nbsp;<\/p>\n<p>Todas as partes componentes desta obra foram feitas por mim, desta forma. al\u00e9m da pintura e do desenho, todos os componentes se transformam em arte.<\/p>\n","protected":false},"excerpt":{"rendered":"<p>Esta Obra, \u00e9 uma humilde homenagem, ao Artista representado no centro da obra ( Gilberto Gil) que fala por si, na genialidade de sua obra.<\/p>\n<p>As cores e as formas que envolvem sua figura, representam a alegria de suas cria\u00e7\u00f5es,<\/p>\n","protected":false},"featured_media":1263,"comment_status":"open","ping_status":"closed","template":"","meta":{"om_disable_all_campaigns":false,"_monsterinsights_skip_tracking":false,"_monsterinsights_sitenote_active":false,"_monsterinsights_sitenote_note":"","_monsterinsights_sitenote_category":0,"_joinchat":[]},"product_brand":[],"product_cat":[28],"product_tag":[34,32],"class_list":{"0":"post-1260","1":"product","2":"type-product","3":"status-publish","4":"has-post-thumbnail","6":"product_cat-abstrato-real","7":"product_tag-abstrato","8":"product_tag-obradearte","10":"first","11":"instock","12":"sold-individually","13":"shipping-taxable","14":"purchasable","15":"product-type-simple"},"aioseo_notices":[],"_links":{"self":[{"href":"https:\/\/silviomello.com.br\/index.php\/wp-json\/wp\/v2\/product\/1260","targetHints":{"allow":["GET"]}}],"collection":[{"href":"https:\/\/silviomello.com.br\/index.php\/wp-json\/wp\/v2\/product"}],"about":[{"href":"https:\/\/silviomello.com.br\/index.php\/wp-json\/wp\/v2\/types\/product"}],"replies":[{"embeddable":true,"href":"https:\/\/silviomello.com.br\/index.php\/wp-json\/wp\/v2\/comments?post=1260"}],"wp:featuredmedia":[{"embeddable":true,"href":"https:\/\/silviomello.com.br\/index.php\/wp-json\/wp\/v2\/media\/1263"}],"wp:attachment":[{"href":"https:\/\/silviomello.com.br\/index.php\/wp-json\/wp\/v2\/media?parent=1260"}],"wp:term":[{"taxonomy":"product_brand","embeddable":true,"href":"https:\/\/silviomello.com.br\/index.php\/wp-json\/wp\/v2\/product_brand?post=1260"},{"taxonomy":"product_cat","embeddable":true,"href":"https:\/\/silviomello.com.br\/index.php\/wp-json\/wp\/v2\/product_cat?post=1260"},{"taxonomy":"product_tag","embeddable":true,"href":"https:\/\/silviomello.com.br\/index.php\/wp-json\/wp\/v2\/product_tag?post=1260"}],"curies":[{"name":"wp","href":"https:\/\/api.w.org\/{rel}","templated":true}]}}