{"id":1804,"date":"2023-11-23T12:46:25","date_gmt":"2023-11-23T15:46:25","guid":{"rendered":"https:\/\/silviomello.com.br\/?post_type=product&#038;p=1804"},"modified":"2024-05-08T18:05:14","modified_gmt":"2024-05-08T21:05:14","slug":"alegria","status":"publish","type":"product","link":"https:\/\/silviomello.com.br\/index.php\/produto\/alegria\/","title":{"rendered":"Alegria"},"content":{"rendered":"<p>Uma obra e uma homenagem.<\/p>\n<p>A intensidade das cores, procura ainda que superficialmente, representar a alegria do Artista ( Paulo Gustavo).<\/p>\n<p>A moldura sobreposta, como se ele estivesse olhando por uma janela, as camadas de tinta, e a combina\u00e7\u00e3o das cores, fara com que o expectador ao admirar o obra, seja remetido em lembran\u00e7a do Artista.<\/p>\n<p>Esta obra n\u00e3o necessita de muitas divaga\u00e7\u00f5es, pois a figura por si, j\u00e1 basta.<\/p>\n<p>&nbsp;<\/p>\n<p>Na parte de tr\u00e1s:<\/p>\n<p>&nbsp;<\/p>\n<p>Carregando a assinatura desta empolgante obra, como n\u00e3o poderia ser diferente, uma outra obra, abstrata.<\/p>\n<p>Tons terra espargidos sobre um fundo preto, d\u00e3o ao espectador uma continuidade da obra.<\/p>\n<p>O tra\u00e7os sobre o fundo, com pontos brancos, parecem representar o c\u00e9u em profundidade.<\/p>\n<p>As pontas met\u00e1licas que saem das\u00a0 laterais, podem dar margem a interpreta\u00e7\u00e3o individual, ou a entrada e sa\u00edda da obra.<\/p>\n<p>&nbsp;<\/p>\n<p>Todas as partes componentes desta obra foram feitas por mim, desta forma. al\u00e9m da pintura e do desenho, todos os componentes se transformam em arte.<\/p>\n","protected":false},"excerpt":{"rendered":"<p>Uma obra e uma homenagem.<\/p>\n<p>A intensidade das cores, procura ainda que superficialmente, representar a alegria do Artista ( Paulo Gustavo).<\/p>\n","protected":false},"featured_media":1913,"comment_status":"open","ping_status":"closed","template":"","meta":{"om_disable_all_campaigns":false,"_monsterinsights_skip_tracking":false,"_monsterinsights_sitenote_active":false,"_monsterinsights_sitenote_note":"","_monsterinsights_sitenote_category":0,"_joinchat":[]},"product_brand":[],"product_cat":[28],"product_tag":[34,32,35,33],"class_list":{"0":"post-1804","1":"product","2":"type-product","3":"status-publish","4":"has-post-thumbnail","6":"product_cat-abstrato-real","7":"product_tag-abstrato","8":"product_tag-obradearte","9":"product_tag-psicodelico","10":"product_tag-real","12":"first","13":"instock","14":"sold-individually","15":"shipping-taxable","16":"purchasable","17":"product-type-simple"},"aioseo_notices":[],"_links":{"self":[{"href":"https:\/\/silviomello.com.br\/index.php\/wp-json\/wp\/v2\/product\/1804","targetHints":{"allow":["GET"]}}],"collection":[{"href":"https:\/\/silviomello.com.br\/index.php\/wp-json\/wp\/v2\/product"}],"about":[{"href":"https:\/\/silviomello.com.br\/index.php\/wp-json\/wp\/v2\/types\/product"}],"replies":[{"embeddable":true,"href":"https:\/\/silviomello.com.br\/index.php\/wp-json\/wp\/v2\/comments?post=1804"}],"wp:featuredmedia":[{"embeddable":true,"href":"https:\/\/silviomello.com.br\/index.php\/wp-json\/wp\/v2\/media\/1913"}],"wp:attachment":[{"href":"https:\/\/silviomello.com.br\/index.php\/wp-json\/wp\/v2\/media?parent=1804"}],"wp:term":[{"taxonomy":"product_brand","embeddable":true,"href":"https:\/\/silviomello.com.br\/index.php\/wp-json\/wp\/v2\/product_brand?post=1804"},{"taxonomy":"product_cat","embeddable":true,"href":"https:\/\/silviomello.com.br\/index.php\/wp-json\/wp\/v2\/product_cat?post=1804"},{"taxonomy":"product_tag","embeddable":true,"href":"https:\/\/silviomello.com.br\/index.php\/wp-json\/wp\/v2\/product_tag?post=1804"}],"curies":[{"name":"wp","href":"https:\/\/api.w.org\/{rel}","templated":true}]}}