{"id":1817,"date":"2023-11-23T16:15:39","date_gmt":"2023-11-23T19:15:39","guid":{"rendered":"https:\/\/silviomello.com.br\/?post_type=product&#038;p=1817"},"modified":"2024-05-08T19:09:13","modified_gmt":"2024-05-08T22:09:13","slug":"observacao","status":"publish","type":"product","link":"https:\/\/silviomello.com.br\/index.php\/produto\/observacao\/","title":{"rendered":"Observa\u00e7\u00e3o"},"content":{"rendered":"<p>Esta obra \u00e9 inigual\u00e1vel, pois um quadro frontal sobreposto sobre o traseiro, gira em seu eixo central, dando ao expectador, varias posi\u00e7\u00f5es de observa\u00e7\u00e3o, as mulheres, olhos e bocas representados, sempre poder\u00e3o estar em uma nova posi\u00e7\u00e3o.<\/p>\n<p>Deter-se diante da obra, para observa-la, e poder gira-la, mudando as figuras de posi\u00e7\u00e3o, contrastando com as cores luminosas da moldura traseira, levara o expectador a uma viagem inigual\u00e1vel.<\/p>\n<p>De qualquer posi\u00e7\u00e3o em que a obra estiver, sempre ter\u00e1 algum olho em sua dire\u00e7\u00e3o.<\/p>\n<p>Esta obra foi feita com dois quadros sobrepostos, no quadro da frente, foram postas figuras femininas fixadas em posi\u00e7\u00e3o inversa uma da outra, e diversos olhos espalhados sobre a mesma, o quadro de tr\u00e1s, foi feito com cores vivas, para destacar o quadro da frente.<\/p>\n<p>O quadro da frente da obra, foi feita em uma moldura de madeira,\u00a0 a borda pintada em tinta emborrachada, preto fosco, corrugada, dando um ar de requinte, e uma fina camada de resina sobre as pinturas feitas em giz pastel seco, traz brilho e prote\u00e7\u00e3o, sem tirar a naturalidade.<\/p>\n<p>Sobre as figuras do quadro frontal, foram pulverizadas cores neon em abstra\u00e7\u00e3o, e pingos esparsos pretos, aumentando em muito o desfio de desvendar a obra.<\/p>\n<p>No quadro de tr\u00e1s, foram postas geometricamente cores vivas, em contraste com a moldura em preto fosco, estas cores destacaram o quadro da frente, ao mesmo tempo que tornaram-se harmoniosos.<\/p>\n<p>Como assinatura :<\/p>\n<p>No verso da obra, fica a mostra toda a estrutura usada para a confec\u00e7\u00e3o do mecanismo girat\u00f3rio e das molduras, todos feitos em madeira de reaproveitamento, dando ao expectador a oportunidade de perceber o trabalho completo do artista, desde a pintura at\u00e9 o corte e fixa\u00e7\u00e3o.<\/p>\n<p>A estrutura foi\u00a0 pintada com tinta emborrachada, preto fosco, com efeito corrugado, protegendo e dando beleza a mesma.<\/p>\n<p>Sobre a estrutura, cores destacadas foram pulverizadas, criando um abstrato, que contrasta e harmoniza, dando mais uma vez, motivo para parar diante da obra e observar, sem pressa,<\/p>\n<p>complementando a viagem iniciada na frente.<\/p>\n<p>&nbsp;<\/p>\n<p>Todas as partes componentes desta obra, foram feitas por mim, todos os componentes de madeira, foram feitos com material de reaproveitamento, mostrando como \u00e9 poss\u00edvel produzir Obra de Arte, desta forma.<\/p>\n","protected":false},"excerpt":{"rendered":"<p>Esta obra \u00e9 inigual\u00e1vel, pois um quadro frontal sobreposto sobre o traseiro, gira em seu eixo central, dando ao expectador, varias posi\u00e7\u00f5es de observa\u00e7\u00e3o, as mulheres, olhos e bocas representados, sempre poder\u00e3o estar em uma nova posi\u00e7\u00e3o.<\/p>\n<p>Deter-se diante da obra, para observa-la, e poder gira-la, mudando as figuras de posi\u00e7\u00e3o, contrastando com as cores luminosas da moldura traseira, levara o expectador a uma viagem inigual\u00e1vel.<\/p>\n","protected":false},"featured_media":1948,"comment_status":"open","ping_status":"closed","template":"","meta":{"om_disable_all_campaigns":false,"_monsterinsights_skip_tracking":false,"_monsterinsights_sitenote_active":false,"_monsterinsights_sitenote_note":"","_monsterinsights_sitenote_category":0,"_joinchat":[]},"product_brand":[],"product_cat":[30],"product_tag":[32,35,33],"class_list":{"0":"post-1817","1":"product","2":"type-product","3":"status-publish","4":"has-post-thumbnail","6":"product_cat-imaginario-autentico","7":"product_tag-obradearte","8":"product_tag-psicodelico","9":"product_tag-real","11":"first","12":"instock","13":"featured","14":"sold-individually","15":"shipping-taxable","16":"purchasable","17":"product-type-simple"},"aioseo_notices":[],"_links":{"self":[{"href":"https:\/\/silviomello.com.br\/index.php\/wp-json\/wp\/v2\/product\/1817","targetHints":{"allow":["GET"]}}],"collection":[{"href":"https:\/\/silviomello.com.br\/index.php\/wp-json\/wp\/v2\/product"}],"about":[{"href":"https:\/\/silviomello.com.br\/index.php\/wp-json\/wp\/v2\/types\/product"}],"replies":[{"embeddable":true,"href":"https:\/\/silviomello.com.br\/index.php\/wp-json\/wp\/v2\/comments?post=1817"}],"wp:featuredmedia":[{"embeddable":true,"href":"https:\/\/silviomello.com.br\/index.php\/wp-json\/wp\/v2\/media\/1948"}],"wp:attachment":[{"href":"https:\/\/silviomello.com.br\/index.php\/wp-json\/wp\/v2\/media?parent=1817"}],"wp:term":[{"taxonomy":"product_brand","embeddable":true,"href":"https:\/\/silviomello.com.br\/index.php\/wp-json\/wp\/v2\/product_brand?post=1817"},{"taxonomy":"product_cat","embeddable":true,"href":"https:\/\/silviomello.com.br\/index.php\/wp-json\/wp\/v2\/product_cat?post=1817"},{"taxonomy":"product_tag","embeddable":true,"href":"https:\/\/silviomello.com.br\/index.php\/wp-json\/wp\/v2\/product_tag?post=1817"}],"curies":[{"name":"wp","href":"https:\/\/api.w.org\/{rel}","templated":true}]}}