{"id":1833,"date":"2023-11-23T23:48:28","date_gmt":"2023-11-24T02:48:28","guid":{"rendered":"https:\/\/silviomello.com.br\/?post_type=product&#038;p=1833"},"modified":"2024-05-08T18:05:52","modified_gmt":"2024-05-08T21:05:52","slug":"naturalidade","status":"publish","type":"product","link":"https:\/\/silviomello.com.br\/index.php\/produto\/naturalidade\/","title":{"rendered":"Naturalidade"},"content":{"rendered":"<p>Esta Obra tem como base \u00d3leo sobre tela, representa a naturalidade, sem corre\u00e7\u00f5es de tra\u00e7os ou fisionomia<\/p>\n<p>A figura feminina representada, mostra a ess\u00eancia da mulher natural.<\/p>\n<p>A cor verde da moldura em relevo com detalhes abstratos coloridos, real\u00e7a a cor fant\u00e1stica da pele morena<\/p>\n<p>Um pequeno detalhe circular, na parte inferior da obra, se confunde com a cor, mais chama o olhar do espectador, buscando, leva-lo a pensar sobre seu significado.<\/p>\n<p>Enfim os detalhes desta obra como um todo, levam o observador a se deter por tempo, para analisar as caracter\u00edsticas naturais da figura feminina.<\/p>\n<p>&nbsp;<\/p>\n<p>Na parte de tr\u00e1s:<\/p>\n<p>Como assinatura, por padr\u00e3o, n\u00e3o poderia ser diferente, uma obra abstrata.<\/p>\n<p>A simplicidade deste abstrato, com o tecido, os grampos a madeira a mostra, um fundo branco, salpicado por cores t\u00eanues, \u00e9 uma continua\u00e7\u00e3o da simplicidade da parte da frente da obra.<\/p>\n<p>Este conjunto leva o espectador a um agrad\u00e1vel e tranquilo per\u00edodo de admira\u00e7\u00e3o, que s\u00f3 pode ser vislumbrado com simplicidade e naturalidade<\/p>\n<p>&nbsp;<\/p>\n<p>As partes componentes desta obra foram feitas por mim,\u00a0 al\u00e9m da pintura, a moldura e o detalhes tamb\u00e9m, permitindo que a criatividade se expanda.<\/p>\n","protected":false},"excerpt":{"rendered":"<p>Esta Obra tem como base \u00d3leo sobre tela, representa a naturalidade, sem corre\u00e7\u00f5es de tra\u00e7os ou fisionomia<\/p>\n<p>A figura feminina representada, mostra a ess\u00eancia da mulher natural.<\/p>\n","protected":false},"featured_media":1925,"comment_status":"open","ping_status":"closed","template":"","meta":{"om_disable_all_campaigns":false,"_monsterinsights_skip_tracking":false,"_monsterinsights_sitenote_active":false,"_monsterinsights_sitenote_note":"","_monsterinsights_sitenote_category":0,"_joinchat":[]},"product_brand":[],"product_cat":[28],"product_tag":[34,32,35,33],"class_list":{"0":"post-1833","1":"product","2":"type-product","3":"status-publish","4":"has-post-thumbnail","6":"product_cat-abstrato-real","7":"product_tag-abstrato","8":"product_tag-obradearte","9":"product_tag-psicodelico","10":"product_tag-real","12":"first","13":"instock","14":"sold-individually","15":"shipping-taxable","16":"purchasable","17":"product-type-simple"},"aioseo_notices":[],"_links":{"self":[{"href":"https:\/\/silviomello.com.br\/index.php\/wp-json\/wp\/v2\/product\/1833","targetHints":{"allow":["GET"]}}],"collection":[{"href":"https:\/\/silviomello.com.br\/index.php\/wp-json\/wp\/v2\/product"}],"about":[{"href":"https:\/\/silviomello.com.br\/index.php\/wp-json\/wp\/v2\/types\/product"}],"replies":[{"embeddable":true,"href":"https:\/\/silviomello.com.br\/index.php\/wp-json\/wp\/v2\/comments?post=1833"}],"wp:featuredmedia":[{"embeddable":true,"href":"https:\/\/silviomello.com.br\/index.php\/wp-json\/wp\/v2\/media\/1925"}],"wp:attachment":[{"href":"https:\/\/silviomello.com.br\/index.php\/wp-json\/wp\/v2\/media?parent=1833"}],"wp:term":[{"taxonomy":"product_brand","embeddable":true,"href":"https:\/\/silviomello.com.br\/index.php\/wp-json\/wp\/v2\/product_brand?post=1833"},{"taxonomy":"product_cat","embeddable":true,"href":"https:\/\/silviomello.com.br\/index.php\/wp-json\/wp\/v2\/product_cat?post=1833"},{"taxonomy":"product_tag","embeddable":true,"href":"https:\/\/silviomello.com.br\/index.php\/wp-json\/wp\/v2\/product_tag?post=1833"}],"curies":[{"name":"wp","href":"https:\/\/api.w.org\/{rel}","templated":true}]}}