{"id":1848,"date":"2023-11-24T18:47:49","date_gmt":"2023-11-24T21:47:49","guid":{"rendered":"https:\/\/silviomello.com.br\/?post_type=product&#038;p=1848"},"modified":"2024-05-08T20:42:12","modified_gmt":"2024-05-08T23:42:12","slug":"arnaldo","status":"publish","type":"product","link":"https:\/\/silviomello.com.br\/index.php\/produto\/arnaldo\/","title":{"rendered":"Arnaldo"},"content":{"rendered":"<p>Esta Obra n\u00e3o requer explica\u00e7\u00e3o da parte do Artista, pois a figura publica representada ( Arnaldo Antunes) por si s\u00f3, j\u00e1 remete o expectador a sua genialidade.<\/p>\n<p>Aqui eu quis homenage\u00e1-lo, usando sua figura, envolta em s\u00edmbolos, cores, relevos, formas geom\u00e9tricas, como se estivessem atr\u00e1s de um vidro, olhando para o observador.<\/p>\n<p>Os diversos componentes desta obra, querem tentar representar\u00a0 a poesia\u00a0 a musica a Arte de Arnaldo Antunes, Atual e Profunda.<\/p>\n<p>Varias obras feitas por mim, foram embaladas pelas musicas e as fant\u00e1sticas letras deste ic\u00f4nico Artista<\/p>\n<p>Na parte de tr\u00e1s:<\/p>\n<p>Carregando como assinatura desta empolgante obra, como n\u00e3o poderia ser diferente, uma outra obra.<\/p>\n<p>Um abstrato predominante branco, saindo e uma irregular espiral retangular em dire\u00e7\u00e3o indefinida, com pontos de explos\u00e3o de cores.<\/p>\n<p>As pontas met\u00e1licas que saem das\u00a0 laterais, podem dar margem a interpreta\u00e7\u00e3o individual, ou a entrada e sa\u00edda da obra.<\/p>\n<p>&nbsp;<\/p>\n<p>Todas as partes componentes desta obra foram feitas por mim, desta forma. al\u00e9m da pintura e do desenho, todos os componentes se transformam em arte.<\/p>\n","protected":false},"excerpt":{"rendered":"<p>Esta Obra n\u00e3o requer explica\u00e7\u00e3o da parte do Artista, pois a figura publica representada ( Arnaldo Antunes) por si s\u00f3, j\u00e1 remete o expectador a sua genialidade.<\/p>\n","protected":false},"featured_media":1851,"comment_status":"open","ping_status":"closed","template":"","meta":{"om_disable_all_campaigns":false,"_monsterinsights_skip_tracking":false,"_monsterinsights_sitenote_active":false,"_monsterinsights_sitenote_note":"","_monsterinsights_sitenote_category":0,"_joinchat":[]},"product_brand":[],"product_cat":[28],"product_tag":[34,32,35,33],"class_list":{"0":"post-1848","1":"product","2":"type-product","3":"status-publish","4":"has-post-thumbnail","6":"product_cat-abstrato-real","7":"product_tag-abstrato","8":"product_tag-obradearte","9":"product_tag-psicodelico","10":"product_tag-real","12":"first","13":"instock","14":"sale","15":"featured","16":"sold-individually","17":"shipping-taxable","18":"purchasable","19":"product-type-simple"},"aioseo_notices":[],"_links":{"self":[{"href":"https:\/\/silviomello.com.br\/index.php\/wp-json\/wp\/v2\/product\/1848","targetHints":{"allow":["GET"]}}],"collection":[{"href":"https:\/\/silviomello.com.br\/index.php\/wp-json\/wp\/v2\/product"}],"about":[{"href":"https:\/\/silviomello.com.br\/index.php\/wp-json\/wp\/v2\/types\/product"}],"replies":[{"embeddable":true,"href":"https:\/\/silviomello.com.br\/index.php\/wp-json\/wp\/v2\/comments?post=1848"}],"wp:featuredmedia":[{"embeddable":true,"href":"https:\/\/silviomello.com.br\/index.php\/wp-json\/wp\/v2\/media\/1851"}],"wp:attachment":[{"href":"https:\/\/silviomello.com.br\/index.php\/wp-json\/wp\/v2\/media?parent=1848"}],"wp:term":[{"taxonomy":"product_brand","embeddable":true,"href":"https:\/\/silviomello.com.br\/index.php\/wp-json\/wp\/v2\/product_brand?post=1848"},{"taxonomy":"product_cat","embeddable":true,"href":"https:\/\/silviomello.com.br\/index.php\/wp-json\/wp\/v2\/product_cat?post=1848"},{"taxonomy":"product_tag","embeddable":true,"href":"https:\/\/silviomello.com.br\/index.php\/wp-json\/wp\/v2\/product_tag?post=1848"}],"curies":[{"name":"wp","href":"https:\/\/api.w.org\/{rel}","templated":true}]}}