{"id":1862,"date":"2023-11-27T16:52:52","date_gmt":"2023-11-27T19:52:52","guid":{"rendered":"https:\/\/silviomello.com.br\/?post_type=product&#038;p=1862"},"modified":"2024-05-08T17:58:10","modified_gmt":"2024-05-08T20:58:10","slug":"viagem","status":"publish","type":"product","link":"https:\/\/silviomello.com.br\/index.php\/produto\/viagem\/","title":{"rendered":"Viagem."},"content":{"rendered":"<p>Ao observar esta obra, perceba que o intuito dela \u00e9 a viagem do pensamento enquanto ouve uma musica que embala o devaneio.<\/p>\n<p>A Mulher com sua vasta cabeleira, envolta em formas geom\u00e9tricas em relevo e cores salpicadas, ensejam o devaneio vivido.<\/p>\n<p>A sobreposi\u00e7\u00e3o de formas em relevo com notas musicais, tentam demonstrar a import\u00e2ncia da musica para o devaneio.<\/p>\n<p>Complementado esta viagem, nas laterais, formas que parecem ter sido esculpidas, d\u00e3o margem para a continua\u00e7\u00e3o &#8230;<\/p>\n<p>&nbsp;<\/p>\n<p>Na parte de tr\u00e1s como assinatura.<\/p>\n<p>Um abstrato predominante branco em cima do fundo preto fosco, permite o espectador passar da parte frontal para a traseira, sem sair da viagem.<\/p>\n<p>Ou mesmo iniciar uma nova observa\u00e7\u00e3o e consequentemente uma nova vis\u00e3o sobre a obra, com a mistura de abstrato com relevos pontas e sobreposi\u00e7\u00f5es que n\u00e3o se destacam na parte frontal<\/p>\n<p>&nbsp;<\/p>\n<p>Todas as partes componentes desta obra, como a moldura relevos, al\u00e9m da pintura e do desenho, foram feitas por mim, mostrando que cada componente se transformam em arte.<\/p>\n","protected":false},"excerpt":{"rendered":"<p>Ao observar esta obra, perceba que o intuito dela \u00e9 a viagem do pensamento enquanto ouve uma musica que embala o devaneio.<\/p>\n<p>A Mulher com sua vasta cabeleira, envolta em formas geom\u00e9tricas em relevo e cores salpicadas, ensejam o devaneio vivido.<\/p>\n","protected":false},"featured_media":1864,"comment_status":"open","ping_status":"closed","template":"","meta":{"om_disable_all_campaigns":false,"_monsterinsights_skip_tracking":false,"_monsterinsights_sitenote_active":false,"_monsterinsights_sitenote_note":"","_monsterinsights_sitenote_category":0,"_joinchat":[]},"product_brand":[],"product_cat":[31],"product_tag":[34,32,35,33],"class_list":{"0":"post-1862","1":"product","2":"type-product","3":"status-publish","4":"has-post-thumbnail","6":"product_cat-aleatorio-abstrato","7":"product_tag-abstrato","8":"product_tag-obradearte","9":"product_tag-psicodelico","10":"product_tag-real","12":"first","13":"instock","14":"shipping-taxable","15":"purchasable","16":"product-type-simple"},"aioseo_notices":[],"_links":{"self":[{"href":"https:\/\/silviomello.com.br\/index.php\/wp-json\/wp\/v2\/product\/1862","targetHints":{"allow":["GET"]}}],"collection":[{"href":"https:\/\/silviomello.com.br\/index.php\/wp-json\/wp\/v2\/product"}],"about":[{"href":"https:\/\/silviomello.com.br\/index.php\/wp-json\/wp\/v2\/types\/product"}],"replies":[{"embeddable":true,"href":"https:\/\/silviomello.com.br\/index.php\/wp-json\/wp\/v2\/comments?post=1862"}],"wp:featuredmedia":[{"embeddable":true,"href":"https:\/\/silviomello.com.br\/index.php\/wp-json\/wp\/v2\/media\/1864"}],"wp:attachment":[{"href":"https:\/\/silviomello.com.br\/index.php\/wp-json\/wp\/v2\/media?parent=1862"}],"wp:term":[{"taxonomy":"product_brand","embeddable":true,"href":"https:\/\/silviomello.com.br\/index.php\/wp-json\/wp\/v2\/product_brand?post=1862"},{"taxonomy":"product_cat","embeddable":true,"href":"https:\/\/silviomello.com.br\/index.php\/wp-json\/wp\/v2\/product_cat?post=1862"},{"taxonomy":"product_tag","embeddable":true,"href":"https:\/\/silviomello.com.br\/index.php\/wp-json\/wp\/v2\/product_tag?post=1862"}],"curies":[{"name":"wp","href":"https:\/\/api.w.org\/{rel}","templated":true}]}}