{"id":1876,"date":"2023-11-27T22:32:24","date_gmt":"2023-11-28T01:32:24","guid":{"rendered":"https:\/\/silviomello.com.br\/?post_type=product&#038;p=1876"},"modified":"2024-09-22T21:26:40","modified_gmt":"2024-09-23T00:26:40","slug":"noturna","status":"publish","type":"product","link":"https:\/\/silviomello.com.br\/index.php\/produto\/noturna\/","title":{"rendered":"Noturna"},"content":{"rendered":"<p>Esta Obra, tr\u00e1s uma riqueza de detalhes, que podem levar o espectador a sua pr\u00f3pria interpreta\u00e7\u00e3o.<\/p>\n<p>O Sorriso t\u00eanue da figura feminina no fundo, coberto por uma leve nevoa avermelhada, remete a noite na cidade.<\/p>\n<p>Saindo da cidade, uma estrada colorida que pode levar ao fim da noite ou a sa\u00edda da cidade.<\/p>\n<p>Janelas e portas iluminadas, mostram que n\u00e3o \u00e9 uma noite qualquer.<\/p>\n<p>A estrada colorida tamb\u00e9m pode entra pela parte de cima da cidade.<\/p>\n<p>&nbsp;<\/p>\n<p>Na parte de tr\u00e1s:<\/p>\n<p>Carregando como assinatura desta complexa obra, como n\u00e3o poderia ser diferente, uma outra obra, t\u00e3o complexa quanto a principal.<\/p>\n<p>Figuras e s\u00edmbolos representados entre uma nevoa abstrata.<\/p>\n<p>Esta obra, pode dar asas a criatividade do observado, viajando nas mais diversas interpreta\u00e7\u00f5es.<\/p>\n<p>Crie sua interpreta\u00e7\u00e3o, ou tente intender o que o artista esta vendo ao cria-la.<\/p>\n<p>&nbsp;<\/p>\n<p>Todas as partes componentes desta obra, como a moldura e a tela foram feitas por mim, desta forma. al\u00e9m da pintura e do desenho, todos os componentes se transformam em arte.<\/p>\n","protected":false},"excerpt":{"rendered":"<p>Esta Obra, tr\u00e1s uma riqueza de detalhes, que podem levar o espectador a sua pr\u00f3pria interpreta\u00e7\u00e3o.<\/p>\n<p>O Sorriso t\u00eanue da figura feminina no fundo, coberto por uma leve nevoa avermelhada, remete a noite na cidade.<\/p>\n","protected":false},"featured_media":1878,"comment_status":"open","ping_status":"closed","template":"","meta":{"om_disable_all_campaigns":false,"_monsterinsights_skip_tracking":false,"_monsterinsights_sitenote_active":false,"_monsterinsights_sitenote_note":"","_monsterinsights_sitenote_category":0,"_joinchat":[]},"product_brand":[],"product_cat":[30],"product_tag":[34,32,35,33],"class_list":{"0":"post-1876","1":"product","2":"type-product","3":"status-publish","4":"has-post-thumbnail","6":"product_cat-imaginario-autentico","7":"product_tag-abstrato","8":"product_tag-obradearte","9":"product_tag-psicodelico","10":"product_tag-real","12":"first","13":"instock","14":"sold-individually","15":"shipping-taxable","16":"purchasable","17":"product-type-simple"},"aioseo_notices":[],"_links":{"self":[{"href":"https:\/\/silviomello.com.br\/index.php\/wp-json\/wp\/v2\/product\/1876","targetHints":{"allow":["GET"]}}],"collection":[{"href":"https:\/\/silviomello.com.br\/index.php\/wp-json\/wp\/v2\/product"}],"about":[{"href":"https:\/\/silviomello.com.br\/index.php\/wp-json\/wp\/v2\/types\/product"}],"replies":[{"embeddable":true,"href":"https:\/\/silviomello.com.br\/index.php\/wp-json\/wp\/v2\/comments?post=1876"}],"wp:featuredmedia":[{"embeddable":true,"href":"https:\/\/silviomello.com.br\/index.php\/wp-json\/wp\/v2\/media\/1878"}],"wp:attachment":[{"href":"https:\/\/silviomello.com.br\/index.php\/wp-json\/wp\/v2\/media?parent=1876"}],"wp:term":[{"taxonomy":"product_brand","embeddable":true,"href":"https:\/\/silviomello.com.br\/index.php\/wp-json\/wp\/v2\/product_brand?post=1876"},{"taxonomy":"product_cat","embeddable":true,"href":"https:\/\/silviomello.com.br\/index.php\/wp-json\/wp\/v2\/product_cat?post=1876"},{"taxonomy":"product_tag","embeddable":true,"href":"https:\/\/silviomello.com.br\/index.php\/wp-json\/wp\/v2\/product_tag?post=1876"}],"curies":[{"name":"wp","href":"https:\/\/api.w.org\/{rel}","templated":true}]}}