{"id":2191,"date":"2024-09-22T20:49:56","date_gmt":"2024-09-22T23:49:56","guid":{"rendered":"https:\/\/silviomello.com.br\/?post_type=product&#038;p=2191"},"modified":"2025-10-28T13:47:16","modified_gmt":"2025-10-28T16:47:16","slug":"rool","status":"publish","type":"product","link":"https:\/\/silviomello.com.br\/index.php\/produto\/rool\/","title":{"rendered":"Rool (Vendida)"},"content":{"rendered":"<p>Esta obra foi feita em homenagem as grandes figuras do rock, a representa\u00e7\u00e3o caricata de v\u00e1rios personagens d\u00e3o h\u00e1 este painel de 2,20 metros por 1,20 metros, uma oportunidade \u00fanica de viajar por v\u00e1rios per\u00edodos do rock.<\/p>\n<p>Deter-se diante da obra, para observa-la, e poder ver todos os detalhes, tanto das pinturas, como dos metais e materiais, levara o expectador a uma viagem inigual\u00e1vel.<\/p>\n<p>A representa\u00e7\u00e3o dos artistas foram feitas manualmente, o artista mostrou cada um deles com suas peculiaridades, com sorriso, semblante olhar, particular de cada um.<\/p>\n","protected":false},"excerpt":{"rendered":"<p>Esta obra foi feita em homenagem as grandes figuras do rock, a representa\u00e7\u00e3o caricata de v\u00e1rios personagens d\u00e3o h\u00e1 este painel de 2,20 metros por 1,20 metros, uma oportunidade \u00fanica de viajar por v\u00e1rios per\u00edodos do rock.<\/p>\n","protected":false},"featured_media":2212,"comment_status":"open","ping_status":"closed","template":"","meta":{"om_disable_all_campaigns":false,"_monsterinsights_skip_tracking":false,"_monsterinsights_sitenote_active":false,"_monsterinsights_sitenote_note":"","_monsterinsights_sitenote_category":0,"_joinchat":[]},"product_brand":[],"product_cat":[28],"product_tag":[],"class_list":{"0":"post-2191","1":"product","2":"type-product","3":"status-publish","4":"has-post-thumbnail","6":"product_cat-abstrato-real","8":"first","9":"instock","10":"shipping-taxable","11":"purchasable","12":"product-type-simple"},"aioseo_notices":[],"_links":{"self":[{"href":"https:\/\/silviomello.com.br\/index.php\/wp-json\/wp\/v2\/product\/2191","targetHints":{"allow":["GET"]}}],"collection":[{"href":"https:\/\/silviomello.com.br\/index.php\/wp-json\/wp\/v2\/product"}],"about":[{"href":"https:\/\/silviomello.com.br\/index.php\/wp-json\/wp\/v2\/types\/product"}],"replies":[{"embeddable":true,"href":"https:\/\/silviomello.com.br\/index.php\/wp-json\/wp\/v2\/comments?post=2191"}],"wp:featuredmedia":[{"embeddable":true,"href":"https:\/\/silviomello.com.br\/index.php\/wp-json\/wp\/v2\/media\/2212"}],"wp:attachment":[{"href":"https:\/\/silviomello.com.br\/index.php\/wp-json\/wp\/v2\/media?parent=2191"}],"wp:term":[{"taxonomy":"product_brand","embeddable":true,"href":"https:\/\/silviomello.com.br\/index.php\/wp-json\/wp\/v2\/product_brand?post=2191"},{"taxonomy":"product_cat","embeddable":true,"href":"https:\/\/silviomello.com.br\/index.php\/wp-json\/wp\/v2\/product_cat?post=2191"},{"taxonomy":"product_tag","embeddable":true,"href":"https:\/\/silviomello.com.br\/index.php\/wp-json\/wp\/v2\/product_tag?post=2191"}],"curies":[{"name":"wp","href":"https:\/\/api.w.org\/{rel}","templated":true}]}}