{"id":2206,"date":"2024-09-22T21:16:20","date_gmt":"2024-09-23T00:16:20","guid":{"rendered":"https:\/\/silviomello.com.br\/?post_type=product&#038;p=2206"},"modified":"2024-09-22T21:22:02","modified_gmt":"2024-09-23T00:22:02","slug":"espelho","status":"publish","type":"product","link":"https:\/\/silviomello.com.br\/index.php\/produto\/espelho\/","title":{"rendered":"Espelho"},"content":{"rendered":"<p>Figuras recortadas e aplicadas sobre o espelho, comp\u00f5em esta extraordin\u00e1ria obra, a observa\u00e7\u00e3o atenta. pode mostrar os detalhes da representa\u00e7\u00e3o de cada artista, e nos entremeios em espelhos, a representa\u00e7\u00e3o partida de quem observa, talvez partida, como um todo.<\/p>\n<p>Artistas de estilos diferentes, porem ligados, como est\u00e3o ligados ?<\/p>\n<p>Cabe ao expectador concluir.<\/p>\n<p>&nbsp;<\/p>\n<p>&nbsp;<\/p>\n","protected":false},"excerpt":{"rendered":"<p>Figuras recortadas e aplicadas sobre o espelho, comp\u00f5em esta extraordin\u00e1ria obra, a observa\u00e7\u00e3o atenta. pode mostrar os detalhes da representa\u00e7\u00e3o de cada artista, e nos entremeios em espelhos, a representa\u00e7\u00e3o partida de quem observa, talvez partida, como um todo.<\/p>\n","protected":false},"featured_media":2207,"comment_status":"open","ping_status":"closed","template":"","meta":{"om_disable_all_campaigns":false,"_monsterinsights_skip_tracking":false,"_monsterinsights_sitenote_active":false,"_monsterinsights_sitenote_note":"","_monsterinsights_sitenote_category":0,"_joinchat":[]},"product_brand":[],"product_cat":[28],"product_tag":[],"class_list":{"0":"post-2206","1":"product","2":"type-product","3":"status-publish","4":"has-post-thumbnail","6":"product_cat-abstrato-real","8":"first","9":"instock","10":"shipping-taxable","11":"purchasable","12":"product-type-simple"},"aioseo_notices":[],"_links":{"self":[{"href":"https:\/\/silviomello.com.br\/index.php\/wp-json\/wp\/v2\/product\/2206","targetHints":{"allow":["GET"]}}],"collection":[{"href":"https:\/\/silviomello.com.br\/index.php\/wp-json\/wp\/v2\/product"}],"about":[{"href":"https:\/\/silviomello.com.br\/index.php\/wp-json\/wp\/v2\/types\/product"}],"replies":[{"embeddable":true,"href":"https:\/\/silviomello.com.br\/index.php\/wp-json\/wp\/v2\/comments?post=2206"}],"wp:featuredmedia":[{"embeddable":true,"href":"https:\/\/silviomello.com.br\/index.php\/wp-json\/wp\/v2\/media\/2207"}],"wp:attachment":[{"href":"https:\/\/silviomello.com.br\/index.php\/wp-json\/wp\/v2\/media?parent=2206"}],"wp:term":[{"taxonomy":"product_brand","embeddable":true,"href":"https:\/\/silviomello.com.br\/index.php\/wp-json\/wp\/v2\/product_brand?post=2206"},{"taxonomy":"product_cat","embeddable":true,"href":"https:\/\/silviomello.com.br\/index.php\/wp-json\/wp\/v2\/product_cat?post=2206"},{"taxonomy":"product_tag","embeddable":true,"href":"https:\/\/silviomello.com.br\/index.php\/wp-json\/wp\/v2\/product_tag?post=2206"}],"curies":[{"name":"wp","href":"https:\/\/api.w.org\/{rel}","templated":true}]}}