{"id":889,"date":"2023-10-03T14:39:38","date_gmt":"2023-10-03T17:39:38","guid":{"rendered":"https:\/\/silviomello.com.br\/?post_type=product&#038;p=889"},"modified":"2024-05-08T18:01:21","modified_gmt":"2024-05-08T21:01:21","slug":"liberdade","status":"publish","type":"product","link":"https:\/\/silviomello.com.br\/index.php\/produto\/liberdade\/","title":{"rendered":"Liberdade"},"content":{"rendered":"<p>Esta obra em \u00d3leo sobre Tela, tem nas cores Claras, usadas na fisionomia da personagem, ainda que irreais, a inten\u00e7\u00e3o de representar suavidade.<\/p>\n<p>A intencional e brusca transi\u00e7\u00e3o, dos tons claros, para o vermelho e negro, buscam remeter o observador a realidade enfrentada.<\/p>\n<p>Mostrando a disparidade da vida que se espera, e a realidade da vida que se vive.<\/p>\n<p>O relevo e o abstrato da moldura, feita em madeira, abstrato e com cores vivas, representam o mundo a volta, mostrando a diferen\u00e7a entre o externo abstrato e interno real.<\/p>\n<p>E o pequeno elemento sobreposto a moldura, geom\u00e9trico e abstrato, com cores vivas, busca mostrar ou representar a atualidade.<\/p>\n<p>&nbsp;<\/p>\n<p>Como assinatura :<\/p>\n<p>No verso da obra, Feito em Acr\u00edlico, uma explos\u00e3o, do centro para as bordas, do branco para cores suaves e alegres, expulsa elementos que remetem ao feminino, na tentativa de simbolizar a liberdade destas, unindo a frente e verso da obra.<\/p>\n<p>Os grampos que prenderam a tela sobre a moldura, est\u00e3o a vista do espectador, para demonstrar a confec\u00e7\u00e3o manual da obra.<\/p>\n<p>Todas as partes componentes desta obra, foram feitas por mim, a moldura o tecido e o elemento, s\u00e3o materiais recuperados, mostrando como \u00e9 poss\u00edvel\u00a0 produzir Arte, a partir de reutiliza\u00e7\u00e3o.<\/p>\n","protected":false},"excerpt":{"rendered":"<p>Esta obra em \u00d3leo sobre Tela, tem nas cores Claras, usadas na fisionomia da personagem, ainda que irreais, a inten\u00e7\u00e3o de representar suavidade.<\/p>\n<p>A intencional e brusca transi\u00e7\u00e3o, dos tons claros, para o vermelho e negro, buscam remeter o observador a realidade enfrentada.<\/p>\n","protected":false},"featured_media":891,"comment_status":"open","ping_status":"closed","template":"","meta":{"om_disable_all_campaigns":false,"_monsterinsights_skip_tracking":false,"_monsterinsights_sitenote_active":false,"_monsterinsights_sitenote_note":"","_monsterinsights_sitenote_category":0,"_joinchat":[]},"product_brand":[],"product_cat":[29],"product_tag":[34,32,35,33],"class_list":{"0":"post-889","1":"product","2":"type-product","3":"status-publish","4":"has-post-thumbnail","6":"product_cat-psicodelico-real","7":"product_tag-abstrato","8":"product_tag-obradearte","9":"product_tag-psicodelico","10":"product_tag-real","12":"first","13":"instock","14":"sold-individually","15":"shipping-taxable","16":"purchasable","17":"product-type-simple"},"aioseo_notices":[],"_links":{"self":[{"href":"https:\/\/silviomello.com.br\/index.php\/wp-json\/wp\/v2\/product\/889","targetHints":{"allow":["GET"]}}],"collection":[{"href":"https:\/\/silviomello.com.br\/index.php\/wp-json\/wp\/v2\/product"}],"about":[{"href":"https:\/\/silviomello.com.br\/index.php\/wp-json\/wp\/v2\/types\/product"}],"replies":[{"embeddable":true,"href":"https:\/\/silviomello.com.br\/index.php\/wp-json\/wp\/v2\/comments?post=889"}],"wp:featuredmedia":[{"embeddable":true,"href":"https:\/\/silviomello.com.br\/index.php\/wp-json\/wp\/v2\/media\/891"}],"wp:attachment":[{"href":"https:\/\/silviomello.com.br\/index.php\/wp-json\/wp\/v2\/media?parent=889"}],"wp:term":[{"taxonomy":"product_brand","embeddable":true,"href":"https:\/\/silviomello.com.br\/index.php\/wp-json\/wp\/v2\/product_brand?post=889"},{"taxonomy":"product_cat","embeddable":true,"href":"https:\/\/silviomello.com.br\/index.php\/wp-json\/wp\/v2\/product_cat?post=889"},{"taxonomy":"product_tag","embeddable":true,"href":"https:\/\/silviomello.com.br\/index.php\/wp-json\/wp\/v2\/product_tag?post=889"}],"curies":[{"name":"wp","href":"https:\/\/api.w.org\/{rel}","templated":true}]}}