{"id":904,"date":"2023-10-03T21:11:18","date_gmt":"2023-10-04T00:11:18","guid":{"rendered":"https:\/\/silviomello.com.br\/?post_type=product&#038;p=904"},"modified":"2024-05-08T17:52:30","modified_gmt":"2024-05-08T20:52:30","slug":"forte","status":"publish","type":"product","link":"https:\/\/silviomello.com.br\/index.php\/produto\/forte\/","title":{"rendered":"Forte."},"content":{"rendered":"<p>A Pintura em Acr\u00edlico sobre tela centro da Obra, demonstra a intensidade da figura feminina representada.<\/p>\n<p>As cores e formas psicod\u00e9licas da moldura, levam o expectador divaga\u00e7\u00e3o sobre seu significado, e deixam a obra hipnotizante.<\/p>\n<p>Por fim o detalhe em relevo da figura geom\u00e9trica, sobreposta sobre a moldura, completam a viagem, sobre o Abstrato e Real desta obra.<\/p>\n<p>Como assinatura :<\/p>\n<p>Na parte de traz da obra, sobre o fundo preto fosco, a pintura abstrata com cores suaves, ameniza e contrasta com a frente da obra, criando formas que deixam o espectador paralisado.<\/p>\n<p>&nbsp;<\/p>\n<p>Todas as partes componentes desta obra, foram feitas por mim, boa parte, como a moldura e o elemento geom\u00e9trico, feitos com madeira de recupera\u00e7\u00e3o, mostram como \u00e9 poss\u00edvel o reaproveitamento de materiais para produ\u00e7\u00e3o de Arte.<\/p>\n","protected":false},"excerpt":{"rendered":"<p>A Pintura em Acr\u00edlico sobre tela centro da Obra, demonstra a intensidade da figura feminina representada.<\/p>\n<p>As cores e formas psicod\u00e9licas da moldura, levam o expectador divaga\u00e7\u00e3o sobre seu significado, e deixam a obra hipnotizante.<\/p>\n","protected":false},"featured_media":907,"comment_status":"open","ping_status":"closed","template":"","meta":{"om_disable_all_campaigns":false,"_monsterinsights_skip_tracking":false,"_monsterinsights_sitenote_active":false,"_monsterinsights_sitenote_note":"","_monsterinsights_sitenote_category":0,"_joinchat":{"message_text":"Fale Comigo."}},"product_brand":[],"product_cat":[29],"product_tag":[34,32,35,33],"class_list":{"0":"post-904","1":"product","2":"type-product","3":"status-publish","4":"has-post-thumbnail","6":"product_cat-psicodelico-real","7":"product_tag-abstrato","8":"product_tag-obradearte","9":"product_tag-psicodelico","10":"product_tag-real","12":"first","13":"instock","14":"sold-individually","15":"shipping-taxable","16":"purchasable","17":"product-type-simple"},"aioseo_notices":[],"_links":{"self":[{"href":"https:\/\/silviomello.com.br\/index.php\/wp-json\/wp\/v2\/product\/904","targetHints":{"allow":["GET"]}}],"collection":[{"href":"https:\/\/silviomello.com.br\/index.php\/wp-json\/wp\/v2\/product"}],"about":[{"href":"https:\/\/silviomello.com.br\/index.php\/wp-json\/wp\/v2\/types\/product"}],"replies":[{"embeddable":true,"href":"https:\/\/silviomello.com.br\/index.php\/wp-json\/wp\/v2\/comments?post=904"}],"wp:featuredmedia":[{"embeddable":true,"href":"https:\/\/silviomello.com.br\/index.php\/wp-json\/wp\/v2\/media\/907"}],"wp:attachment":[{"href":"https:\/\/silviomello.com.br\/index.php\/wp-json\/wp\/v2\/media?parent=904"}],"wp:term":[{"taxonomy":"product_brand","embeddable":true,"href":"https:\/\/silviomello.com.br\/index.php\/wp-json\/wp\/v2\/product_brand?post=904"},{"taxonomy":"product_cat","embeddable":true,"href":"https:\/\/silviomello.com.br\/index.php\/wp-json\/wp\/v2\/product_cat?post=904"},{"taxonomy":"product_tag","embeddable":true,"href":"https:\/\/silviomello.com.br\/index.php\/wp-json\/wp\/v2\/product_tag?post=904"}],"curies":[{"name":"wp","href":"https:\/\/api.w.org\/{rel}","templated":true}]}}