{"id":996,"date":"2023-10-24T19:35:39","date_gmt":"2023-10-24T22:35:39","guid":{"rendered":"https:\/\/silviomello.com.br\/?post_type=product&#038;p=996"},"modified":"2024-09-22T21:27:25","modified_gmt":"2024-09-23T00:27:25","slug":"radio","status":"publish","type":"product","link":"https:\/\/silviomello.com.br\/index.php\/produto\/radio\/","title":{"rendered":"R\u00e1dio"},"content":{"rendered":"<p>Esta pintura representando o fant\u00e1stico e polemico artista (Raul) , tem na simplicidade da execu\u00e7\u00e3o, propositalmente a inten\u00e7\u00e3o de chamar a aten\u00e7\u00e3o para a figura.<\/p>\n<p>O elemento abaixo, um radio da d\u00e9cada de 60, representa o meio de comunica\u00e7\u00e3o mais popular do ultimo s\u00e9culo, imaginado quantas ideias foram alimentadas viajando nas letras escritas pelo Artista.<\/p>\n<p>Em contraste os pequenos detalhes vermelhos, chamam a aten\u00e7\u00e3o, de onde quer que o observador esteja, sem tira a aten\u00e7\u00e3o da figura principal.<\/p>\n<p>&nbsp;<\/p>\n<p>Como assinatura :<\/p>\n<p>Na parte de tr\u00e1s,\u00a0 a moldura pintada em vermelho, mostrando os grampos e parafusos usados na montagem da obra, destacam o fundo branco, com uma abstra\u00e7\u00e3o colorida, que pode simplesmente, servir como ponto de admira\u00e7\u00e3o, quando o observador, estiver ouvindo a obra do Artista.<\/p>\n<p>&nbsp;<\/p>\n<p>Todas as partes componentes desta obra, foram feitas por mim, todos os componentes de madeira, foram feitos com material de reaproveitamento, mostrando como \u00e9 poss\u00edvel produzir Obra de Arte, desta forma.<\/p>\n","protected":false},"excerpt":{"rendered":"<p>Esta pintura representando o fant\u00e1stico e polemico artista (Raul) , tem na simplicidade da execu\u00e7\u00e3o, propositalmente a inten\u00e7\u00e3o de chamar a aten\u00e7\u00e3o para a figura.<\/p>\n","protected":false},"featured_media":999,"comment_status":"open","ping_status":"closed","template":"","meta":{"om_disable_all_campaigns":false,"_monsterinsights_skip_tracking":false,"_monsterinsights_sitenote_active":false,"_monsterinsights_sitenote_note":"","_monsterinsights_sitenote_category":0,"_joinchat":[]},"product_brand":[],"product_cat":[29],"product_tag":[34,32,35,33],"class_list":{"0":"post-996","1":"product","2":"type-product","3":"status-publish","4":"has-post-thumbnail","6":"product_cat-psicodelico-real","7":"product_tag-abstrato","8":"product_tag-obradearte","9":"product_tag-psicodelico","10":"product_tag-real","12":"first","13":"instock","14":"sold-individually","15":"shipping-taxable","16":"purchasable","17":"product-type-simple"},"aioseo_notices":[],"_links":{"self":[{"href":"https:\/\/silviomello.com.br\/index.php\/wp-json\/wp\/v2\/product\/996","targetHints":{"allow":["GET"]}}],"collection":[{"href":"https:\/\/silviomello.com.br\/index.php\/wp-json\/wp\/v2\/product"}],"about":[{"href":"https:\/\/silviomello.com.br\/index.php\/wp-json\/wp\/v2\/types\/product"}],"replies":[{"embeddable":true,"href":"https:\/\/silviomello.com.br\/index.php\/wp-json\/wp\/v2\/comments?post=996"}],"wp:featuredmedia":[{"embeddable":true,"href":"https:\/\/silviomello.com.br\/index.php\/wp-json\/wp\/v2\/media\/999"}],"wp:attachment":[{"href":"https:\/\/silviomello.com.br\/index.php\/wp-json\/wp\/v2\/media?parent=996"}],"wp:term":[{"taxonomy":"product_brand","embeddable":true,"href":"https:\/\/silviomello.com.br\/index.php\/wp-json\/wp\/v2\/product_brand?post=996"},{"taxonomy":"product_cat","embeddable":true,"href":"https:\/\/silviomello.com.br\/index.php\/wp-json\/wp\/v2\/product_cat?post=996"},{"taxonomy":"product_tag","embeddable":true,"href":"https:\/\/silviomello.com.br\/index.php\/wp-json\/wp\/v2\/product_tag?post=996"}],"curies":[{"name":"wp","href":"https:\/\/api.w.org\/{rel}","templated":true}]}}